{"id":18397,"date":"2024-09-25T15:10:58","date_gmt":"2024-09-25T15:10:58","guid":{"rendered":"https:\/\/dominicanplace.com\/?post_type=product&#038;p=18397"},"modified":"2025-01-01T06:52:50","modified_gmt":"2025-01-01T06:52:50","slug":"samana-private-los-haitises-expedition-caves-mangroves","status":"publish","type":"product","link":"https:\/\/dominicanplace.com\/sv\/dominican-republic-tours\/samana-private-los-haitises-expedition-caves-mangroves\/","title":{"rendered":"Samana: Private Los Haitises Expedition Caves &#038; Mangroves"},"content":{"rendered":"<p>This unparalleled tour offers you the chance to discover the largest nature preserve in the Dominican Republic. Witness the jewel of the ecotourism trips on the Caribbean.<\/p>\n<p>How many national parks have the Dominican Republic? Where is Los Haitises National Park? What\u2019s the meaning of Haitises? Which kind of nature can you find in Los Haitises? Which is the connection between Jurassic Park movie and Los Haitises? Why you should go soon to Los Haitises?.<\/p>\n<p>Du kommer att uppt\u00e4cka det vackra naturliga dr\u00f6mlika landskapet med marina skogar och mangroveskogar i San Lorenzo-bukten. En of\u00f6rgl\u00f6mlig \u00e4ventyrsdag som kommer att f\u00f6rdjupa dig i den sanna k\u00e4rnan i vad Dominikanska republiken har att ge.<\/p>\n<div class=\"toggle-content__content toggle-content__content--expanded toggle-content__content--packable\" data-v-59485d64=\"\">\n<div data-test-id=\"activity-full-description-text\" data-v-5835c99c=\"\">G\u00f6r dig redo att uppleva Dominikanska republiken fr\u00e5n ett annat perspektiv. En lokal karismatisk guide kommer att avsl\u00f6ja intressanta fakta om Los Haitises National Park.<\/div>\n<\/div>","protected":false},"excerpt":{"rendered":"<div data-track=\"overview\" data-v-83a2b402=\"\">\n<section id=\"activity-overview\" class=\"activity-overview\" data-component=\"overview\" data-v-83a2b402=\"\" data-v-f3236c42=\"\">\n<p class=\"activity-overview__content\" data-test-id=\"activity-overview-content\" data-v-f3236c42=\"\">Take a trip to the largest nature preserve in the Dominican Republic. Explore unique caves with lush mangrove forests by boat, and visit the secluded town Sabana de La Mar in the Cano Hondo areas.<\/p>\n<\/section>\n<\/div>\n<div data-track=\"key-details\" data-v-83a2b402=\"\"><\/div>","protected":false},"featured_media":18400,"template":"","meta":[],"product_cat":[100,228],"product_tag":[102,101],"class_list":{"0":"post-18397","1":"product","2":"type-product","3":"status-publish","4":"has-post-thumbnail","6":"product_cat-dominican-republic","7":"product_cat-los-haitises","8":"product_tag-excursion","9":"product_tag-tour","11":"first","12":"instock","13":"shipping-taxable","14":"product-type-external"},"_links":{"self":[{"href":"https:\/\/dominicanplace.com\/sv\/wp-json\/wp\/v2\/product\/18397","targetHints":{"allow":["GET"]}}],"collection":[{"href":"https:\/\/dominicanplace.com\/sv\/wp-json\/wp\/v2\/product"}],"about":[{"href":"https:\/\/dominicanplace.com\/sv\/wp-json\/wp\/v2\/types\/product"}],"wp:featuredmedia":[{"embeddable":true,"href":"https:\/\/dominicanplace.com\/sv\/wp-json\/wp\/v2\/media\/18400"}],"wp:attachment":[{"href":"https:\/\/dominicanplace.com\/sv\/wp-json\/wp\/v2\/media?parent=18397"}],"wp:term":[{"taxonomy":"product_cat","embeddable":true,"href":"https:\/\/dominicanplace.com\/sv\/wp-json\/wp\/v2\/product_cat?post=18397"},{"taxonomy":"product_tag","embeddable":true,"href":"https:\/\/dominicanplace.com\/sv\/wp-json\/wp\/v2\/product_tag?post=18397"}],"curies":[{"name":"wp","href":"https:\/\/api.w.org\/{rel}","templated":true}]}}