{"id":12337,"date":"2024-09-13T18:12:59","date_gmt":"2024-09-13T18:12:59","guid":{"rendered":"https:\/\/dominicanplace.com\/?post_type=product&#038;p=12337"},"modified":"2024-09-28T22:52:17","modified_gmt":"2024-09-28T22:52:17","slug":"santo-domingo-los-haitises-national-park-day-trip","status":"publish","type":"product","link":"https:\/\/dominicanplace.com\/sv\/dominican-republic-tours\/santo-domingo-los-haitises-nationalpark-dagsutflykt\/","title":{"rendered":"Santo Domingo: Dagsutflykt till Los Haitises nationalpark"},"content":{"rendered":"<p>Denna makal\u00f6sa tur ger dig chansen att uppt\u00e4cka det st\u00f6rsta naturreservatet i Dominikanska republiken. Bevittna juvelen av ekoturismresor p\u00e5 Karibien<\/p>\n<p>Hur m\u00e5nga nationalparker har Dominikanska republiken? Var ligger Los Haitises nationalpark? Vad \u00e4r meningen med Haitises? Vilken typ av natur kan du hitta i Los Haitises? Vilken \u00e4r kopplingen mellan Jurassic Park-filmen och Los Haitises? Varf\u00f6r ska du snart \u00e5ka till Los Haitises?. .<\/p>\n<p>Du kommer att uppt\u00e4cka det vackra naturliga dr\u00f6mlika landskapet med marina skogar och mangroveskogar i San Lorenzo-bukten. En of\u00f6rgl\u00f6mlig \u00e4ventyrsdag som kommer att f\u00f6rdjupa dig i den sanna k\u00e4rnan i vad Dominikanska republiken har att ge.<\/p>\n<section class=\"full-description activity-experience__item\" data-test-id=\"activity-full-description\" data-v-2760aec9=\"\" data-v-5835c99c=\"\">\n<div class=\"activity-accordion-item\" data-v-5835c99c=\"\">\n<div class=\"activity-accordion-item__content--hidden activity-accordion-item__content\">\n<section class=\"toggle-content\" data-v-5835c99c=\"\" data-v-59485d64=\"\">\n<div class=\"toggle-content__content toggle-content__content--expanded\" data-v-59485d64=\"\">\n<div data-test-id=\"activity-full-description-text\" data-v-5835c99c=\"\">G\u00f6r dig redo att uppleva Dominikanska republiken fr\u00e5n ett annat perspektiv. En lokal karismatisk guide kommer att avsl\u00f6ja intressanta fakta om Los Haitises National Park.<\/div>\n<\/div>\n<\/section>\n<\/div>\n<\/div>\n<\/section>\n<section class=\"activity-includes activity-experience__item\" data-test-id=\"activity-includes-section\" data-v-2760aec9=\"\" data-v-7976cbc6=\"\">\n<div class=\"activity-accordion-item\" data-v-7976cbc6=\"\">\n<div class=\"activity-accordion-item-header\"><\/div>\n<\/div>\n<\/section>","protected":false},"excerpt":{"rendered":"<div data-track=\"overview\" data-v-83a2b402=\"\">\n<section id=\"activity-overview\" class=\"activity-overview\" data-component=\"overview\" data-v-83a2b402=\"\" data-v-f3236c42=\"\">\n<p class=\"activity-overview__content\" data-test-id=\"activity-overview-content\" data-v-f3236c42=\"\">Ta en tur till det st\u00f6rsta naturreservatet i Dominikanska republiken. Utforska unika grottor med vackra str\u00e4nder, se frodiga mangroveskogar med b\u00e5t och bes\u00f6k den avskilda staden Sabana de La Mar.<\/p>\n<\/section>\n<\/div>\n<div data-track=\"key-details\" data-v-83a2b402=\"\"><\/div>","protected":false},"featured_media":12338,"template":"","meta":[],"product_cat":[100],"product_tag":[102,101],"class_list":{"0":"post-12337","1":"product","2":"type-product","3":"status-publish","4":"has-post-thumbnail","6":"product_cat-dominican-republic","7":"product_tag-excursion","8":"product_tag-tour","10":"first","11":"instock","12":"shipping-taxable","13":"product-type-external"},"_links":{"self":[{"href":"https:\/\/dominicanplace.com\/sv\/wp-json\/wp\/v2\/product\/12337","targetHints":{"allow":["GET"]}}],"collection":[{"href":"https:\/\/dominicanplace.com\/sv\/wp-json\/wp\/v2\/product"}],"about":[{"href":"https:\/\/dominicanplace.com\/sv\/wp-json\/wp\/v2\/types\/product"}],"wp:featuredmedia":[{"embeddable":true,"href":"https:\/\/dominicanplace.com\/sv\/wp-json\/wp\/v2\/media\/12338"}],"wp:attachment":[{"href":"https:\/\/dominicanplace.com\/sv\/wp-json\/wp\/v2\/media?parent=12337"}],"wp:term":[{"taxonomy":"product_cat","embeddable":true,"href":"https:\/\/dominicanplace.com\/sv\/wp-json\/wp\/v2\/product_cat?post=12337"},{"taxonomy":"product_tag","embeddable":true,"href":"https:\/\/dominicanplace.com\/sv\/wp-json\/wp\/v2\/product_tag?post=12337"}],"curies":[{"name":"wp","href":"https:\/\/api.w.org\/{rel}","templated":true}]}}