{"id":18314,"date":"2024-09-25T08:50:28","date_gmt":"2024-09-25T08:50:28","guid":{"rendered":"https:\/\/dominicanplace.com\/?post_type=product&#038;p=18314"},"modified":"2025-01-01T06:54:16","modified_gmt":"2025-01-01T06:54:16","slug":"samana-half-day-whale-watching-humpback-whale-watching","status":"publish","type":"product","link":"https:\/\/dominicanplace.com\/pt\/dominican-republic-tours\/samana-meio-dia-de-observacao-de-baleias-observacao-de-baleias-jubarte\/","title":{"rendered":"Samana: Meio dia de observa\u00e7\u00e3o de baleias jubarte"},"content":{"rendered":"<p>Desfrute de uma experi\u00eancia de observa\u00e7\u00e3o de baleias na Ba\u00eda de Saman\u00e1, onde as baleias jubarte visitam todos os anos e veja de perto estas belas criaturas nesta excurs\u00e3o \u00fanica de observa\u00e7\u00e3o de baleias.<\/p>\n<p>Explore the Bay of Saman\u00e1, which plays host to thousands of humpback whales during winter\u2019s mating season. Take in this amazing experience with local and specialized guides, and enjoy snacks on board such as coconut, soda, and water.<\/p>\n<p>Meet first at the tour office and gather with the rest of the tour members and specialized staff at the dock, then depart from the private dock in Saman\u00e1 at 9:00 am.<\/p>\n<p>Travel through the beautiful Bay of Saman\u00e1 in search of the Humpback whales all the way to the Marine Mammal Sanctuary.<\/p>\n<p>Marvel at the aquatic wildlife and beautiful scenery in the Bay of Saman\u00e1, and experience a unique and exciting whale-watching tour before returning back to the dock around 12:30 pm.<\/p>","protected":false},"excerpt":{"rendered":"<div data-track=\"overview\" data-v-83a2b402=\"\">\n<section id=\"activity-overview\" class=\"activity-overview\" data-component=\"overview\" data-v-83a2b402=\"\" data-v-f3236c42=\"\">\n<p class=\"activity-overview__content\" data-test-id=\"activity-overview-content\" data-v-f3236c42=\"\">Marvel at the giants of the sea, Humpback Whales, on a whale-watching tour in the Bay of Saman\u00e1. Enjoy an unforgettable experience seeing these beauties up close and travel aboard secure catamarans.<\/p>\n<\/section>\n<\/div>\n<div data-track=\"key-details\" data-v-83a2b402=\"\"><\/div>","protected":false},"featured_media":18323,"template":"","meta":[],"product_cat":[100],"product_tag":[102,101],"class_list":{"0":"post-18314","1":"product","2":"type-product","3":"status-publish","4":"has-post-thumbnail","6":"product_cat-dominican-republic","7":"product_tag-excursion","8":"product_tag-tour","10":"first","11":"instock","12":"shipping-taxable","13":"product-type-external"},"_links":{"self":[{"href":"https:\/\/dominicanplace.com\/pt\/wp-json\/wp\/v2\/product\/18314","targetHints":{"allow":["GET"]}}],"collection":[{"href":"https:\/\/dominicanplace.com\/pt\/wp-json\/wp\/v2\/product"}],"about":[{"href":"https:\/\/dominicanplace.com\/pt\/wp-json\/wp\/v2\/types\/product"}],"wp:featuredmedia":[{"embeddable":true,"href":"https:\/\/dominicanplace.com\/pt\/wp-json\/wp\/v2\/media\/18323"}],"wp:attachment":[{"href":"https:\/\/dominicanplace.com\/pt\/wp-json\/wp\/v2\/media?parent=18314"}],"wp:term":[{"taxonomy":"product_cat","embeddable":true,"href":"https:\/\/dominicanplace.com\/pt\/wp-json\/wp\/v2\/product_cat?post=18314"},{"taxonomy":"product_tag","embeddable":true,"href":"https:\/\/dominicanplace.com\/pt\/wp-json\/wp\/v2\/product_tag?post=18314"}],"curies":[{"name":"wp","href":"https:\/\/api.w.org\/{rel}","templated":true}]}}