{"id":18477,"date":"2024-09-25T17:50:48","date_gmt":"2024-09-25T17:50:48","guid":{"rendered":"https:\/\/dominicanplace.com\/?post_type=product&#038;p=18477"},"modified":"2024-09-29T14:50:45","modified_gmt":"2024-09-29T14:50:45","slug":"dune-buggy-punta-cana-beach-macao-with-cenote","status":"publish","type":"product","link":"https:\/\/dominicanplace.com\/pl\/dominican-republic-tours\/dune-buggy-punta-cana-plaza-macao-z-cenote\/","title":{"rendered":"Dune Buggy Punta Cana Beach Macao z Cenote"},"content":{"rendered":"<p>Prze\u017cyj niesamowit\u0105 przygod\u0119 dzi\u0119ki naszej wycieczce Buggy Excursion w Macao Offroad Experience. Zanurz si\u0119 w krajobrazach Punta Cana z do\u015bwiadczonymi przewodnikami, odkryj dziewicze piaski pla\u017cy Macao i zanurkuj w Cenote \"Cueva Ta\u00edna\". W bazie rancza przygotuj si\u0119 do podr\u00f3\u017cy i odwied\u017a typowy dom na degustacj\u0119 kawy. Wyrusz na ekscytuj\u0105c\u0105 przeja\u017cd\u017ck\u0119 po b\u0142otnistych szlakach i zanurz si\u0119 w dominika\u0144skiej kulturze. Ciesz si\u0119 transportem w obie strony, orze\u017awiaj\u0105c\u0105 k\u0105piel\u0105 w cenocie i wskaz\u00f3wkami ekspert\u00f3w. Wyjazd codziennie z trzema dost\u0119pnymi zmianami. Przygotuj si\u0119 na komfort i zabierz ze sob\u0105 pieni\u0105dze na zakupy. Zwr\u00f3\u0107 uwag\u0119 na wiek i szczeg\u00f3\u0142y odbioru, aby uzyska\u0107 p\u0142ynne wra\u017cenia.<\/p>","protected":false},"excerpt":{"rendered":"<div data-track=\"overview\" data-v-83a2b402=\"\">\n<section id=\"activity-overview\" class=\"activity-overview\" data-component=\"overview\" data-v-83a2b402=\"\" data-v-f3236c42=\"\">\n<p class=\"activity-overview__content\" data-test-id=\"activity-overview-content\" data-v-f3236c42=\"\">Odkryj malownicze krajobrazy i kultur\u0119 z naszym buggy. Prze\u017cyj ekscytuj\u0105ce szlaki b\u0142otne. Odwied\u017a typowy dom, cenote Ta\u00edno i pla\u017c\u0119 Macao.<\/p>\n<\/section>\n<\/div>\n<div data-track=\"key-details\" data-v-83a2b402=\"\"><\/div>","protected":false},"featured_media":18478,"template":"","meta":[],"product_cat":[100],"product_tag":[102,101],"class_list":{"0":"post-18477","1":"product","2":"type-product","3":"status-publish","4":"has-post-thumbnail","6":"product_cat-dominican-republic","7":"product_tag-excursion","8":"product_tag-tour","10":"first","11":"instock","12":"sale","13":"shipping-taxable","14":"product-type-external"},"_links":{"self":[{"href":"https:\/\/dominicanplace.com\/pl\/wp-json\/wp\/v2\/product\/18477","targetHints":{"allow":["GET"]}}],"collection":[{"href":"https:\/\/dominicanplace.com\/pl\/wp-json\/wp\/v2\/product"}],"about":[{"href":"https:\/\/dominicanplace.com\/pl\/wp-json\/wp\/v2\/types\/product"}],"wp:featuredmedia":[{"embeddable":true,"href":"https:\/\/dominicanplace.com\/pl\/wp-json\/wp\/v2\/media\/18478"}],"wp:attachment":[{"href":"https:\/\/dominicanplace.com\/pl\/wp-json\/wp\/v2\/media?parent=18477"}],"wp:term":[{"taxonomy":"product_cat","embeddable":true,"href":"https:\/\/dominicanplace.com\/pl\/wp-json\/wp\/v2\/product_cat?post=18477"},{"taxonomy":"product_tag","embeddable":true,"href":"https:\/\/dominicanplace.com\/pl\/wp-json\/wp\/v2\/product_tag?post=18477"}],"curies":[{"name":"wp","href":"https:\/\/api.w.org\/{rel}","templated":true}]}}