{"id":13507,"date":"2024-09-17T08:04:58","date_gmt":"2024-09-17T08:04:58","guid":{"rendered":"https:\/\/dominicanplace.com\/?post_type=product&#038;p=13507"},"modified":"2024-09-26T21:25:40","modified_gmt":"2024-09-26T21:25:40","slug":"samana-city-tour-los-haitises-cayo-levantado-island","status":"publish","type":"product","link":"https:\/\/dominicanplace.com\/fr\/dominican-republic-tours\/samana-city-tour-los-haitises-cayo-levantado-island\/","title":{"rendered":"Saman\u00e1 : Tour de ville + Los Haitises et l'\u00eele Cayo Levantado"},"content":{"rendered":"<p>We take a Free City Tour to start learnig about Samana History. Travel across stunning tropical waters and enjoy delicious Dominican delicacies on this beautiful tour. Contemplate the historic artworks of the Indigenous Ta\u00edno people found in caves located in the beautiful Los Haitises National Park.<\/p>\n<p>Commencez par le port de Samana o\u00f9 vous prendrez un catamaran ou un bateau pour passer la baie de Samana. Arriv\u00e9e au parc national de Los Haitises, visite des magnifiques \u00eeles rocheuses et d\u00e9couverte des interpr\u00e9tations des peintures indig\u00e8nes ta\u00efno \u00e0 la grotte de Linea.<\/p>\n<p>Apr\u00e8s avoir quitt\u00e9 l'ancienne grotte, prenez un bateau qui traverse les eaux magnifiques pour visiter une charmante plage et la grotte Cueva de la Larena. Terminez la visite de la grotte par un toast et reprenez le bateau pour Cayo Levantado.<\/p>\n<p>\u00c0 votre retour, d\u00e9gustez un buffet dominicain traditionnel et d\u00e9tendez-vous \u00e0 la plage de Cayo Levantado.<\/p>","protected":false},"excerpt":{"rendered":"<div data-track=\"overview\" data-v-83a2b402=\"\">\n<section id=\"activity-overview\" class=\"activity-overview\" data-component=\"overview\" data-v-83a2b402=\"\" data-v-f3236c42=\"\">\n<p class=\"activity-overview__content\" data-test-id=\"activity-overview-content\" data-v-f3236c42=\"\">Enjoy Free City Tour in Samana. Visit the gorgeous rock islands and Indigenous cave paintings found in Los Haitises National Park. We take in the stunning waters, rocks, and flora of the area.<\/p>\n<\/section>\n<\/div>\n<div data-track=\"key-details\" data-v-83a2b402=\"\"><\/div>","protected":false},"featured_media":13508,"template":"","meta":[],"product_cat":[100],"product_tag":[102,101],"class_list":{"0":"post-13507","1":"product","2":"type-product","3":"status-publish","4":"has-post-thumbnail","6":"product_cat-dominican-republic","7":"product_tag-excursion","8":"product_tag-tour","10":"first","11":"instock","12":"shipping-taxable","13":"product-type-external"},"_links":{"self":[{"href":"https:\/\/dominicanplace.com\/fr\/wp-json\/wp\/v2\/product\/13507","targetHints":{"allow":["GET"]}}],"collection":[{"href":"https:\/\/dominicanplace.com\/fr\/wp-json\/wp\/v2\/product"}],"about":[{"href":"https:\/\/dominicanplace.com\/fr\/wp-json\/wp\/v2\/types\/product"}],"wp:featuredmedia":[{"embeddable":true,"href":"https:\/\/dominicanplace.com\/fr\/wp-json\/wp\/v2\/media\/13508"}],"wp:attachment":[{"href":"https:\/\/dominicanplace.com\/fr\/wp-json\/wp\/v2\/media?parent=13507"}],"wp:term":[{"taxonomy":"product_cat","embeddable":true,"href":"https:\/\/dominicanplace.com\/fr\/wp-json\/wp\/v2\/product_cat?post=13507"},{"taxonomy":"product_tag","embeddable":true,"href":"https:\/\/dominicanplace.com\/fr\/wp-json\/wp\/v2\/product_tag?post=13507"}],"curies":[{"name":"wp","href":"https:\/\/api.w.org\/{rel}","templated":true}]}}