{"id":12830,"date":"2024-09-16T10:08:25","date_gmt":"2024-09-16T10:08:25","guid":{"rendered":"https:\/\/dominicanplace.com\/?post_type=product&#038;p=12830"},"modified":"2024-09-16T10:09:18","modified_gmt":"2024-09-16T10:09:18","slug":"punta-cana-blue-lagoon-cenote-waterfall-pool-river-tour","status":"publish","type":"product","link":"https:\/\/dominicanplace.com\/fr\/dominican-republic-tours\/punta-cana-lagune-bleue-cenote-cascade-piscine-riviere-excursion\/","title":{"rendered":"Punta Cana : C\u00e9note du Lagon Bleu, piscine en cascade et visite de la rivi\u00e8re"},"content":{"rendered":"<p>Profitez de notre magnifique cenote ouvert, entour\u00e9 d'une v\u00e9g\u00e9tation luxuriante. Notre lagon d'eau douce est un endroit serein que vous ne voudrez jamais quitter. D\u00e9tendez-vous et laissez-vous porter par le courant lors de notre magnifique promenade sur la Jungle River. Tous les membres de la famille appr\u00e9cieront cette excursion relaxante et pittoresque, situ\u00e9e au milieu de notre parc. Une exp\u00e9rience unique entour\u00e9e d'une nature exub\u00e9rante, de rideaux en cascade et d'une caverne effrayante. Flottant sur des chambres \u00e0 air, les visiteurs serpentent lentement \u00e0 travers un paysage tropical, guid\u00e9s par un l\u00e9ger courant. Une aventure \u00e9tonnante et unique \u00e0 Punta Cana, pour toute la famille !<\/p>","protected":false},"excerpt":{"rendered":"<div data-track=\"overview\" data-v-83a2b402=\"\">\n<section id=\"activity-overview\" class=\"activity-overview\" data-component=\"overview\" data-v-83a2b402=\"\" data-v-f3236c42=\"\">\n<p class=\"activity-overview__content\" data-test-id=\"activity-overview-content\" data-v-f3236c42=\"\">Faites un plongeon dans un c\u00e9note lors de cette excursion avec prise en charge \u00e0 Bavaro, Uvero Alto et Macao \u00e0 Punta Cana. Flottez sur des tubes \u00e0 travers le paysage tropical \u00e0 un rythme doux et amusez-vous avec toute la famille.<\/p>\n<\/section>\n<\/div>\n<div data-track=\"key-details\" data-v-83a2b402=\"\"><\/div>","protected":false},"featured_media":12831,"template":"","meta":[],"product_cat":[100],"product_tag":[102,101],"class_list":{"0":"post-12830","1":"product","2":"type-product","3":"status-publish","4":"has-post-thumbnail","6":"product_cat-dominican-republic","7":"product_tag-excursion","8":"product_tag-tour","10":"first","11":"instock","12":"shipping-taxable","13":"product-type-external"},"_links":{"self":[{"href":"https:\/\/dominicanplace.com\/fr\/wp-json\/wp\/v2\/product\/12830","targetHints":{"allow":["GET"]}}],"collection":[{"href":"https:\/\/dominicanplace.com\/fr\/wp-json\/wp\/v2\/product"}],"about":[{"href":"https:\/\/dominicanplace.com\/fr\/wp-json\/wp\/v2\/types\/product"}],"wp:featuredmedia":[{"embeddable":true,"href":"https:\/\/dominicanplace.com\/fr\/wp-json\/wp\/v2\/media\/12831"}],"wp:attachment":[{"href":"https:\/\/dominicanplace.com\/fr\/wp-json\/wp\/v2\/media?parent=12830"}],"wp:term":[{"taxonomy":"product_cat","embeddable":true,"href":"https:\/\/dominicanplace.com\/fr\/wp-json\/wp\/v2\/product_cat?post=12830"},{"taxonomy":"product_tag","embeddable":true,"href":"https:\/\/dominicanplace.com\/fr\/wp-json\/wp\/v2\/product_tag?post=12830"}],"curies":[{"name":"wp","href":"https:\/\/api.w.org\/{rel}","templated":true}]}}