{"id":18216,"date":"2024-09-25T00:52:00","date_gmt":"2024-09-25T00:52:00","guid":{"rendered":"https:\/\/dominicanplace.com\/?post_type=product&#038;p=18216"},"modified":"2024-09-28T22:54:23","modified_gmt":"2024-09-28T22:54:23","slug":"catalina-island-full-day-snorkeling-lunch-from-punta-cana","status":"publish","type":"product","link":"https:\/\/dominicanplace.com\/fi\/dominican-republic-tours\/catalinan-saari-koko-paivan-snorklausta-lounas-punta-cana\/","title":{"rendered":"Catalinan saaren kokop\u00e4iv\u00e4n snorklaus + lounas Punta Canasta k\u00e4sin"},"content":{"rendered":"<p>Set off on an unforgettable journey with our Catalina Island Day Tour, a perfect getaway departing from Punta Cana. Dive into the heart of Catalina Island&#8217;s allure with our snorkeling expedition that promises to be nothing short of exhilarating. Plunge into the crystal-clear waters and be mesmerized by the island&#8217;s coral reefs, teeming with a dazzling array of marine life.<\/p>\n<div class=\"toggle-content__content toggle-content__content--expanded toggle-content__content--packable\" data-v-59485d64=\"\">\n<div data-test-id=\"activity-full-description-text\" data-v-5835c99c=\"\">After your aquatic adventure, treat your taste buds to a delectable lunch on the island, where local and international cuisines merge to create a feast that is as delightful as the surroundings. Complement your meal with an array of complimentary refreshments, including water, soft drinks, the island&#8217;s favorite rum, and the traditional Dominican drink, Mama Juana, ensuring your Catalina Island excursion is as refreshing as it is enchanting.<\/div>\n<\/div>\n<div class=\"toggle-content__label-placeholder\" data-v-59485d64=\"\"><\/div>","protected":false},"excerpt":{"rendered":"<div data-track=\"overview\" data-v-83a2b402=\"\">\n<section id=\"activity-overview\" class=\"activity-overview\" data-component=\"overview\" data-v-83a2b402=\"\" data-v-f3236c42=\"\">\n<p class=\"activity-overview__content\" data-test-id=\"activity-overview-content\" data-v-f3236c42=\"\">Set off on an unforgettable journey with our Catalina Island Day Tour, a perfect getaway departing from Punta Cana. Dive into the heart of Catalina Island&#8217;s allure with our snorkeling expedition.<\/p>\n<\/section>\n<\/div>\n<div data-track=\"key-details\" data-v-83a2b402=\"\"><\/div>","protected":false},"featured_media":18217,"template":"","meta":[],"product_cat":[100],"product_tag":[102,101],"class_list":{"0":"post-18216","1":"product","2":"type-product","3":"status-publish","4":"has-post-thumbnail","6":"product_cat-dominican-republic","7":"product_tag-excursion","8":"product_tag-tour","10":"first","11":"instock","12":"shipping-taxable","13":"product-type-external"},"_links":{"self":[{"href":"https:\/\/dominicanplace.com\/fi\/wp-json\/wp\/v2\/product\/18216","targetHints":{"allow":["GET"]}}],"collection":[{"href":"https:\/\/dominicanplace.com\/fi\/wp-json\/wp\/v2\/product"}],"about":[{"href":"https:\/\/dominicanplace.com\/fi\/wp-json\/wp\/v2\/types\/product"}],"wp:featuredmedia":[{"embeddable":true,"href":"https:\/\/dominicanplace.com\/fi\/wp-json\/wp\/v2\/media\/18217"}],"wp:attachment":[{"href":"https:\/\/dominicanplace.com\/fi\/wp-json\/wp\/v2\/media?parent=18216"}],"wp:term":[{"taxonomy":"product_cat","embeddable":true,"href":"https:\/\/dominicanplace.com\/fi\/wp-json\/wp\/v2\/product_cat?post=18216"},{"taxonomy":"product_tag","embeddable":true,"href":"https:\/\/dominicanplace.com\/fi\/wp-json\/wp\/v2\/product_tag?post=18216"}],"curies":[{"name":"wp","href":"https:\/\/api.w.org\/{rel}","templated":true}]}}