{"id":17808,"date":"2024-09-24T13:36:10","date_gmt":"2024-09-24T13:36:10","guid":{"rendered":"https:\/\/dominicanplace.com\/?post_type=product&#038;p=17808"},"modified":"2024-09-24T13:37:11","modified_gmt":"2024-09-24T13:37:11","slug":"vip-transfer-between-punta-cana-airport-and-bavaro-hotels","status":"publish","type":"product","link":"https:\/\/dominicanplace.com\/fi\/dominican-republic-tours\/vip-kuljetus-punta-canan-lentokentan-ja-bavaron-hotellien-valilla\/","title":{"rendered":"VIP-kuljetus Punta Canan lentokent\u00e4n ja Bavaron hotellien v\u00e4lill\u00e4"},"content":{"rendered":"<div class=\"toggle-content__content toggle-content__content--expanded toggle-content__content--packable\" data-v-59485d64=\"\">\n<div data-test-id=\"activity-full-description-text\" data-v-5835c99c=\"\">Book the transfer of your preference without complications, we will be in charge of accompanying you during your tour in the Dominican Republic, you do not have to worry, we are experts in transfers and this helps you receive the service you deserve from the hand of a professional, we do make your trips safer and more relaxing, just book in advance to have your service scheduled and your driver ready to pick you up at the airport of your choice in the Dominican Republic, at Diamond we are ready for your arrival<\/div>\n<\/div>\n<div class=\"toggle-content__label-placeholder\" data-v-59485d64=\"\"><\/div>","protected":false},"excerpt":{"rendered":"<div data-track=\"overview\" data-v-83a2b402=\"\">\n<section id=\"activity-overview\" class=\"activity-overview\" data-component=\"overview\" data-v-83a2b402=\"\" data-v-f3236c42=\"\">\n<p class=\"activity-overview__content\" data-test-id=\"activity-overview-content\" data-v-f3236c42=\"\">Valmiina, varaa kuljetuksesi etuk\u00e4teen, me timanttikuljetuksissa huolehdimme siit\u00e4, ett\u00e4 tarjoamme sinulle taloudellista ja mukavaa palvelua.<\/p>\n<\/section>\n<\/div>\n<div data-track=\"key-details\" data-v-83a2b402=\"\"><\/div>","protected":false},"featured_media":17820,"template":"","meta":[],"product_cat":[100],"product_tag":[102,101],"class_list":{"0":"post-17808","1":"product","2":"type-product","3":"status-publish","4":"has-post-thumbnail","6":"product_cat-dominican-republic","7":"product_tag-excursion","8":"product_tag-tour","10":"first","11":"instock","12":"shipping-taxable","13":"product-type-external"},"_links":{"self":[{"href":"https:\/\/dominicanplace.com\/fi\/wp-json\/wp\/v2\/product\/17808","targetHints":{"allow":["GET"]}}],"collection":[{"href":"https:\/\/dominicanplace.com\/fi\/wp-json\/wp\/v2\/product"}],"about":[{"href":"https:\/\/dominicanplace.com\/fi\/wp-json\/wp\/v2\/types\/product"}],"wp:featuredmedia":[{"embeddable":true,"href":"https:\/\/dominicanplace.com\/fi\/wp-json\/wp\/v2\/media\/17820"}],"wp:attachment":[{"href":"https:\/\/dominicanplace.com\/fi\/wp-json\/wp\/v2\/media?parent=17808"}],"wp:term":[{"taxonomy":"product_cat","embeddable":true,"href":"https:\/\/dominicanplace.com\/fi\/wp-json\/wp\/v2\/product_cat?post=17808"},{"taxonomy":"product_tag","embeddable":true,"href":"https:\/\/dominicanplace.com\/fi\/wp-json\/wp\/v2\/product_tag?post=17808"}],"curies":[{"name":"wp","href":"https:\/\/api.w.org\/{rel}","templated":true}]}}