{"id":13857,"date":"2024-09-17T21:00:46","date_gmt":"2024-09-17T21:00:46","guid":{"rendered":"https:\/\/dominicanplace.com\/?post_type=product&#038;p=13857"},"modified":"2024-09-17T21:01:08","modified_gmt":"2024-09-17T21:01:08","slug":"learn-to-dance-bachata-like-a-pro-in-punta-cana","status":"publish","type":"product","link":"https:\/\/dominicanplace.com\/fi\/dominican-republic-tours\/opi-tanssimaan-bachataa-kuin-ammattilainen-punta-canassa\/","title":{"rendered":"Opi tanssimaan Bachataa kuin ammattilainen Punta Canassa"},"content":{"rendered":"<p>Dominikaanisessa tasavallassa ei voi vierailla oppimatta tanssimaan Bachataa. Bachata-musiikki on valtava osa Dominikaanisen tasavallan kulttuuria, ja se on sittemmin omaksuttu ulkomaille.<\/p>\n<p>T\u00e4ss\u00e4 kokemuksessa opit tanssimaan Bachataa kuin ammattilainen alle tunnissa. Sinua opettaa syntyper\u00e4inen dominikaanialainen, joka tanssii ty\u00f6kseen ja ammattimaisesti.<\/p>\n<p>Kokemuksen jakautuminen:<\/p>\n<p>-Tapaaminen ja tervehdys<\/p>\n<p>-Lyhyt esittely tanssista<\/p>\n<p>-Soolo: perusaskeleiden opettelu<\/p>\n<p>Tauko<\/p>\n<p>-Duo: tanssin oppiminen parin kanssa.<\/p>\n<p>-Duo: harjoittelu eri kumppaneiden kanssa<\/p>\n<p>-Vinkkej\u00e4 ja palautetta ohjaajaltamme<\/p>\n<p>T\u00e4m\u00e4 ainutlaatuinen kokemus sopii sinkuille, pariskunnille, perheille ja kaveriporukoille.<\/p>\n<p>Oletko valmis tekem\u00e4\u00e4n vaikutuksen kumppaniin, yst\u00e4viin tai perheeseen vasta hankituilla tanssiliikkeill\u00e4si?<\/p>\n<p>N\u00e4hd\u00e4\u00e4n toisella puolella \ud83d\ude42 Kuljetus saatavilla pyynn\u00f6st\u00e4 ($).<\/p>\n<div class=\"toggle-content__content toggle-content__content--expanded toggle-content__content--packable\" data-v-59485d64=\"\">\n<div data-test-id=\"activity-full-description-text\" data-v-5835c99c=\"\">***PS: Keskiviikon tunnit pidet\u00e4\u00e4n Punta Danza -studiolla. Henkil\u00f6llisyystodistus vaaditaan varauksen yhteydess\u00e4, jotta sinut p\u00e4\u00e4stet\u00e4\u00e4n sis\u00e4\u00e4n turvaportilla.<\/div>\n<\/div>\n<div class=\"toggle-content__label-placeholder\" data-v-59485d64=\"\"><\/div>","protected":false},"excerpt":{"rendered":"<div data-track=\"overview\" data-v-83a2b402=\"\">\n<section id=\"activity-overview\" class=\"activity-overview\" data-component=\"overview\" data-v-83a2b402=\"\" data-v-f3236c42=\"\">\n<p class=\"activity-overview__content\" data-test-id=\"activity-overview-content\" data-v-f3236c42=\"\">Kongon demokraattinen tasavalta on Bachata-musiikin kotimaa, ja voit oppia tanssimaan kuin ammattilainen vain yhdess\u00e4 tunnissa ammattimaisen dominikaanisen tanssijan kanssa. Oletko valmis tekem\u00e4\u00e4n vaikutuksen l\u00e4heisiisi uusilla tanssiliikkeill\u00e4si?<\/p>\n<\/section>\n<\/div>\n<div data-track=\"key-details\" data-v-83a2b402=\"\"><\/div>","protected":false},"featured_media":13876,"template":"","meta":[],"product_cat":[100],"product_tag":[102,101],"class_list":{"0":"post-13857","1":"product","2":"type-product","3":"status-publish","4":"has-post-thumbnail","6":"product_cat-dominican-republic","7":"product_tag-excursion","8":"product_tag-tour","10":"first","11":"instock","12":"shipping-taxable","13":"product-type-external"},"_links":{"self":[{"href":"https:\/\/dominicanplace.com\/fi\/wp-json\/wp\/v2\/product\/13857","targetHints":{"allow":["GET"]}}],"collection":[{"href":"https:\/\/dominicanplace.com\/fi\/wp-json\/wp\/v2\/product"}],"about":[{"href":"https:\/\/dominicanplace.com\/fi\/wp-json\/wp\/v2\/types\/product"}],"wp:featuredmedia":[{"embeddable":true,"href":"https:\/\/dominicanplace.com\/fi\/wp-json\/wp\/v2\/media\/13876"}],"wp:attachment":[{"href":"https:\/\/dominicanplace.com\/fi\/wp-json\/wp\/v2\/media?parent=13857"}],"wp:term":[{"taxonomy":"product_cat","embeddable":true,"href":"https:\/\/dominicanplace.com\/fi\/wp-json\/wp\/v2\/product_cat?post=13857"},{"taxonomy":"product_tag","embeddable":true,"href":"https:\/\/dominicanplace.com\/fi\/wp-json\/wp\/v2\/product_tag?post=13857"}],"curies":[{"name":"wp","href":"https:\/\/api.w.org\/{rel}","templated":true}]}}