{"id":12285,"date":"2020-09-13T13:10:02","date_gmt":"2020-09-13T13:10:02","guid":{"rendered":"https:\/\/dominicanplace.com\/?post_type=product&#038;p=12285"},"modified":"2024-10-07T20:23:57","modified_gmt":"2024-10-07T20:23:57","slug":"transfers-to-from-punta-cana-airport","status":"publish","type":"product","link":"https:\/\/dominicanplace.com\/fi\/dominican-republic-tours\/kuljetukset-punta-canan-lentokentalta\/","title":{"rendered":"Luotettavat lentokentt\u00e4kuljetukset Punta Canan lentoasemalle ja lentoasemalta"},"content":{"rendered":"<h4 class=\"product_title entry-title\">Luotettavat lentokentt\u00e4kuljetukset Punta Canan lentoasemalle ja lentoasemalta<\/h4>\n<p>Enjoy a seamless and reliable airport transfer service in Punta Cana. Whether you\u2019re arriving in paradise or heading home after a relaxing vacation, the dedicated team is here to provide you with a smooth, stress-free travel experience.<\/p>\n<p>Book your airport transfer with a focus on comfort, convenience, and efficiency. With a modern fleet of vehicles and professional drivers, enjoy a hassle-free start or end to your journey.<\/p>\n<p>To guarantee a seamless experience, make your reservation in advance. When booking, provide your flight details and destination information so that the most convenient pick-up and drop-off times can be arranged.<\/p>\n<p>The service covers transfers to and from Punta Cana International Airport (PUJ) and any destination within the Punta Cana area.<\/p>\n<p>About Punta Cana<\/p>\n<p>Punta Cana on lomakaupunki Dominikaanisen tasavallan it\u00e4isimm\u00e4ll\u00e4 alueella. Se liitettiin poliittisesti \"Ver\u00f3n-Punta Canan kaupunkikunnaksi\" vuonna 2006, ja se kuuluu Higueyn kuntaan (La Altagracian maakunta). Vuoden 2022 v\u00e4est\u00f6nlaskennan mukaan t\u00e4m\u00e4n kunnan tai alueen v\u00e4kiluku oli 138 919 asukasta.<\/p>","protected":false},"excerpt":{"rendered":"<div data-track=\"overview\" data-v-83a2b402=\"\">\n<section id=\"activity-overview\" class=\"activity-overview\" data-component=\"overview\" data-v-83a2b402=\"\" data-v-f3236c42=\"\">\n<p class=\"activity-overview__content\" data-test-id=\"activity-overview-content\" data-v-f3236c42=\"\">Enjoy a hassle-free start or end to your vacation in Punta Cana with a private airport transfer. Relax in the comfort of a modern vehicle with a professional driver.<\/p>\n<\/section>\n<\/div>\n<div data-track=\"key-details\" data-v-83a2b402=\"\"><\/div>","protected":false},"featured_media":12286,"template":"","meta":[],"product_cat":[100],"product_tag":[102,101],"class_list":{"0":"post-12285","1":"product","2":"type-product","3":"status-publish","4":"has-post-thumbnail","6":"product_cat-dominican-republic","7":"product_tag-excursion","8":"product_tag-tour","10":"first","11":"instock","12":"sale","13":"shipping-taxable","14":"product-type-external"},"_links":{"self":[{"href":"https:\/\/dominicanplace.com\/fi\/wp-json\/wp\/v2\/product\/12285","targetHints":{"allow":["GET"]}}],"collection":[{"href":"https:\/\/dominicanplace.com\/fi\/wp-json\/wp\/v2\/product"}],"about":[{"href":"https:\/\/dominicanplace.com\/fi\/wp-json\/wp\/v2\/types\/product"}],"wp:featuredmedia":[{"embeddable":true,"href":"https:\/\/dominicanplace.com\/fi\/wp-json\/wp\/v2\/media\/12286"}],"wp:attachment":[{"href":"https:\/\/dominicanplace.com\/fi\/wp-json\/wp\/v2\/media?parent=12285"}],"wp:term":[{"taxonomy":"product_cat","embeddable":true,"href":"https:\/\/dominicanplace.com\/fi\/wp-json\/wp\/v2\/product_cat?post=12285"},{"taxonomy":"product_tag","embeddable":true,"href":"https:\/\/dominicanplace.com\/fi\/wp-json\/wp\/v2\/product_tag?post=12285"}],"curies":[{"name":"wp","href":"https:\/\/api.w.org\/{rel}","templated":true}]}}