{"id":10335,"date":"2020-09-09T09:32:30","date_gmt":"2020-09-09T09:32:30","guid":{"rendered":"https:\/\/dominicanplace.com\/?post_type=product&#038;p=10335"},"modified":"2024-10-01T16:32:22","modified_gmt":"2024-10-01T16:32:22","slug":"punta-cana-monkey-land-half-day-safari-and-plantation","status":"publish","type":"product","link":"https:\/\/dominicanplace.com\/fi\/dominican-republic-tours\/punta-cana-apinamaa-puoli-paivaa-safari-ja-plantaasi\/","title":{"rendered":"Punta Cana: Cana Cana: Monkey Land: Monkey Land Half-Day Safari and Plantation: Monkey Land Half-Day Safari and Plantation"},"content":{"rendered":"<p><strong>Punta Cana: Cana Cana: Monkey Land: Monkey Land Half-Day Safari and Plantation: Monkey Land Half-Day Safari and Plantation<\/strong><\/p>\n<p>Vieraile ihastuttavassa kookosp\u00e4hkin\u00e4talossa, jota kutsutaan hell\u00e4sti nimell\u00e4 \"Casa del Coco\", jossa voit seurata kookos\u00f6ljyn valmistuksen kiehtovaa prosessia ja nauttia eksoottisten karibialaisten hedelmien, vastapaahdetun kahvin ja runsaan kaakaon mauista.<\/p>\n<p>Seuraavan 45 minuutin aikana sinulla on ihastuttava tilaisuus olla vuorovaikutuksessa herttaisten orava-apinoiden kanssa. N\u00e4m\u00e4 eritt\u00e4in \u00e4lykk\u00e4\u00e4t ja vieh\u00e4tt\u00e4v\u00e4t apinat ovat saaneet koulutusta asiantuntevalta kanadalaispariskunnalta, jolla on yli 35 vuoden kokemus el\u00e4intenhoidosta, muun muassa 12 vuotta Toronton el\u00e4intarhassa, jossa he olivat erikoistuneet opettamaan apinoille, miten olla vuorovaikutuksessa ihmisten kanssa.<\/p>\n<p>Kierros j\u00e4rjestet\u00e4\u00e4n 5 hehtaarin laajuisella henke\u00e4salpaavalla alueella, jossa apinat ovat tehneet kotinsa. Ne laskeutuvat sirosti puista istumaan olkap\u00e4\u00e4llesi ja sy\u00f6m\u00e4\u00e4n herkullisesti k\u00e4dest\u00e4si. Lis\u00e4ksi n\u00e4m\u00e4 yst\u00e4v\u00e4lliset otukset poseeraavat mielell\u00e4\u00e4n valokuvissa, erityisesti ihastuttavia selfieit\u00e4 varten.<\/p>","protected":false},"excerpt":{"rendered":"<p>Osallistu opastetulle kierrokselle, jonka aikana p\u00e4\u00e4set olemaan l\u00e4heisess\u00e4 vuorovaikutuksessa kauniiden ja yst\u00e4v\u00e4llisten orava-apinoiden kanssa Monkeylandissa, ja vieraile tyypillisess\u00e4 dominikaanisessa talossa, jossa opit lis\u00e4\u00e4 maan kulttuurista ja elintavoista.<\/p>","protected":false},"featured_media":10336,"template":"","meta":[],"product_cat":[100],"product_tag":[102,101],"class_list":{"0":"post-10335","1":"product","2":"type-product","3":"status-publish","4":"has-post-thumbnail","6":"product_cat-dominican-republic","7":"product_tag-excursion","8":"product_tag-tour","10":"first","11":"instock","12":"sale","13":"shipping-taxable","14":"product-type-external"},"_links":{"self":[{"href":"https:\/\/dominicanplace.com\/fi\/wp-json\/wp\/v2\/product\/10335","targetHints":{"allow":["GET"]}}],"collection":[{"href":"https:\/\/dominicanplace.com\/fi\/wp-json\/wp\/v2\/product"}],"about":[{"href":"https:\/\/dominicanplace.com\/fi\/wp-json\/wp\/v2\/types\/product"}],"wp:featuredmedia":[{"embeddable":true,"href":"https:\/\/dominicanplace.com\/fi\/wp-json\/wp\/v2\/media\/10336"}],"wp:attachment":[{"href":"https:\/\/dominicanplace.com\/fi\/wp-json\/wp\/v2\/media?parent=10335"}],"wp:term":[{"taxonomy":"product_cat","embeddable":true,"href":"https:\/\/dominicanplace.com\/fi\/wp-json\/wp\/v2\/product_cat?post=10335"},{"taxonomy":"product_tag","embeddable":true,"href":"https:\/\/dominicanplace.com\/fi\/wp-json\/wp\/v2\/product_tag?post=10335"}],"curies":[{"name":"wp","href":"https:\/\/api.w.org\/{rel}","templated":true}]}}