{"id":18968,"date":"2024-09-26T11:53:35","date_gmt":"2024-09-26T11:53:35","guid":{"rendered":"https:\/\/dominicanplace.com\/?post_type=product&#038;p=18968"},"modified":"2024-12-28T09:27:38","modified_gmt":"2024-12-28T09:27:38","slug":"samana-whale-watching-and-cayo-levantado-full-day-tour-3","status":"publish","type":"product","link":"https:\/\/dominicanplace.com\/es\/dominican-republic-tours\/avistamiento-de-ballenas-en-samana-y-cayo-levantado-excursion-de-dia-completo-3\/","title":{"rendered":"Saman\u00e1: Excursi\u00f3n de un d\u00eda a Cayo Levantado y Avistamiento de Ballenas"},"content":{"rendered":"<p>Ride by Boat to explore the Bay of Samana, which harbors thousands of humpback whales during their winter mating season. Next, enjoy the picturesque views of Cayo Levantado, also known as Bacardi Island. Swim in the serene waters and sunbathe on the white-sand beaches before heading back.<\/p>\n<p>Salga de Saman\u00e1 y dir\u00edjase hacia la bah\u00eda de Saman\u00e1, escudri\u00f1ando las aguas en busca de las majestuosas ballenas jorobadas en plena temporada de apareamiento. Disfrute de estar en el agua y si\u00e9ntase c\u00f3modo con aperitivos y bebidas a bordo. Tome fotos de estos grandes animales y aprenda datos importantes de su gu\u00eda.<\/p>\n<p>A continuaci\u00f3n, navegue hacia la isla Bacard\u00ed o Cayo Levantado. Admire las aguas turquesas y la arena blanca que rodean la isla. Si\u00e9ntese y rel\u00e1jese en las c\u00e1lidas playas y b\u00e1\u00f1ese al sol. Aproveche para zambullirse en las serenas aguas y disfrutar del resto del d\u00eda antes de regresar al muelle.<\/p>","protected":false},"excerpt":{"rendered":"<div data-track=\"overview\" data-v-83a2b402=\"\">\n<section id=\"activity-overview\" class=\"activity-overview\" data-component=\"overview\" data-v-83a2b402=\"\" data-v-f3236c42=\"\">\n<p class=\"activity-overview__content\" data-test-id=\"activity-overview-content\" data-v-f3236c42=\"\">Enjoy the unforgettable experience of whale watching and enjoy the paradise island of Cayo Levantado. Take a full day to explore Bacardi Island, with its turquoise waters and white-sand beaches.<\/p>\n<\/section>\n<\/div>\n<div data-track=\"key-details\" data-v-83a2b402=\"\"><\/div>","protected":false},"featured_media":18969,"template":"","meta":[],"product_cat":[100],"product_tag":[102,101],"class_list":{"0":"post-18968","1":"product","2":"type-product","3":"status-publish","4":"has-post-thumbnail","6":"product_cat-dominican-republic","7":"product_tag-excursion","8":"product_tag-tour","10":"first","11":"instock","12":"shipping-taxable","13":"product-type-external"},"_links":{"self":[{"href":"https:\/\/dominicanplace.com\/es\/wp-json\/wp\/v2\/product\/18968","targetHints":{"allow":["GET"]}}],"collection":[{"href":"https:\/\/dominicanplace.com\/es\/wp-json\/wp\/v2\/product"}],"about":[{"href":"https:\/\/dominicanplace.com\/es\/wp-json\/wp\/v2\/types\/product"}],"wp:featuredmedia":[{"embeddable":true,"href":"https:\/\/dominicanplace.com\/es\/wp-json\/wp\/v2\/media\/18969"}],"wp:attachment":[{"href":"https:\/\/dominicanplace.com\/es\/wp-json\/wp\/v2\/media?parent=18968"}],"wp:term":[{"taxonomy":"product_cat","embeddable":true,"href":"https:\/\/dominicanplace.com\/es\/wp-json\/wp\/v2\/product_cat?post=18968"},{"taxonomy":"product_tag","embeddable":true,"href":"https:\/\/dominicanplace.com\/es\/wp-json\/wp\/v2\/product_tag?post=18968"}],"curies":[{"name":"wp","href":"https:\/\/api.w.org\/{rel}","templated":true}]}}