{"id":17357,"date":"2024-09-23T22:41:05","date_gmt":"2024-09-23T22:41:05","guid":{"rendered":"https:\/\/dominicanplace.com\/?post_type=product&#038;p=17357"},"modified":"2024-09-23T22:42:25","modified_gmt":"2024-09-23T22:42:25","slug":"santo-domingo-los-haitises-cayo-levantado-island","status":"publish","type":"product","link":"https:\/\/dominicanplace.com\/es\/dominican-republic-tours\/santo-domingo-los-haitises-cayo-levantado-isla\/","title":{"rendered":"Santo Domingo: Los Haitises e Isla de Cayo Levantado"},"content":{"rendered":"<p>From Santo Domingo to Samana and after Travel across stunning tropical waters and enjoy delicious Dominican delicacies on this beautiful tour. Contemplate the historic artworks of the Indigenous Ta\u00edno people found in caves located in the beautiful Los Haitises National Park.<\/p>\n<p>Empiece en el puerto de Saman\u00e1, donde tomar\u00e1 un catamar\u00e1n o un barco para pasar por la bah\u00eda de Saman\u00e1. Llegue al Parque Nacional de Los Haitises y visite las preciosas islas rocosas y conozca las interpretaciones de las pinturas ind\u00edgenas ta\u00ednas en la Cueva de la L\u00ednea.<\/p>\n<p>Tras salir de la antigua cueva, tome un barco por las hermosas aguas para visitar una encantadora playa y la Cueva de la Larena. Termine la visita a la cueva con un brindis y tome el barco de vuelta a Cayo Levantado.<\/p>\n<div class=\"toggle-content__content toggle-content__content--expanded toggle-content__content--packable\" data-v-59485d64=\"\">\n<div data-test-id=\"activity-full-description-text\" data-v-5835c99c=\"\">\n<p>A su regreso, disfrute de un buf\u00e9 tradicional dominicano y rel\u00e1jese en la playa de Cayo Levantado.<\/p>\n<\/div>\n<\/div>\n<div class=\"toggle-content__label-placeholder\" data-v-59485d64=\"\"><\/div>","protected":false},"excerpt":{"rendered":"<div data-track=\"overview\" data-v-83a2b402=\"\">\n<section id=\"activity-overview\" class=\"activity-overview\" data-component=\"overview\" data-v-83a2b402=\"\" data-v-f3236c42=\"\">\n<p class=\"activity-overview__content\" data-test-id=\"activity-overview-content\" data-v-f3236c42=\"\">Visite las preciosas islas rocosas y las pinturas rupestres ind\u00edgenas del Parque Nacional de Los Haitises. Disfrute de un aut\u00e9ntico fest\u00edn dominicano mientras contempla las impresionantes aguas, rocas y flora de la zona.<\/p>\n<\/section>\n<\/div>\n<div data-track=\"key-details\" data-v-83a2b402=\"\"><\/div>","protected":false},"featured_media":17358,"template":"","meta":[],"product_cat":[100],"product_tag":[102,101],"class_list":{"0":"post-17357","1":"product","2":"type-product","3":"status-publish","4":"has-post-thumbnail","6":"product_cat-dominican-republic","7":"product_tag-excursion","8":"product_tag-tour","10":"first","11":"instock","12":"shipping-taxable","13":"product-type-external"},"_links":{"self":[{"href":"https:\/\/dominicanplace.com\/es\/wp-json\/wp\/v2\/product\/17357","targetHints":{"allow":["GET"]}}],"collection":[{"href":"https:\/\/dominicanplace.com\/es\/wp-json\/wp\/v2\/product"}],"about":[{"href":"https:\/\/dominicanplace.com\/es\/wp-json\/wp\/v2\/types\/product"}],"wp:featuredmedia":[{"embeddable":true,"href":"https:\/\/dominicanplace.com\/es\/wp-json\/wp\/v2\/media\/17358"}],"wp:attachment":[{"href":"https:\/\/dominicanplace.com\/es\/wp-json\/wp\/v2\/media?parent=17357"}],"wp:term":[{"taxonomy":"product_cat","embeddable":true,"href":"https:\/\/dominicanplace.com\/es\/wp-json\/wp\/v2\/product_cat?post=17357"},{"taxonomy":"product_tag","embeddable":true,"href":"https:\/\/dominicanplace.com\/es\/wp-json\/wp\/v2\/product_tag?post=17357"}],"curies":[{"name":"wp","href":"https:\/\/api.w.org\/{rel}","templated":true}]}}