{"id":16941,"date":"2024-09-22T23:41:13","date_gmt":"2024-09-22T23:41:13","guid":{"rendered":"https:\/\/dominicanplace.com\/?post_type=product&#038;p=16941"},"modified":"2024-09-22T23:41:41","modified_gmt":"2024-09-22T23:41:41","slug":"dune-buggy-punta-cana-adventure-explore-the-beach-with-us","status":"publish","type":"product","link":"https:\/\/dominicanplace.com\/es\/dominican-republic-tours\/aventura-en-buggy-punta-cana-explora-la-playa-con-nosotros\/","title":{"rendered":"Aventura en buggy en Punta Cana: Explora la playa con nosotros"},"content":{"rendered":"<p>Tras recogerte en tu hotel, nos dirigiremos al interior de Punta Cana. Rodeados de plantaciones de caf\u00e9 y cacao, te explicaremos la ruta que seguiremos y todo lo que necesitas saber para conducir un buggy.<\/p>\n<p>We will start the engines and begin an exciting route through mud-covered trails, coffee plantations and hills. We will pass through a riverbed and feel the excitement of advancing cross-country.<\/p>\n<p>La primera parada ser\u00e1 la playa de Macao. Lejos de los grandes hoteles y de las zonas m\u00e1s tur\u00edsticas, este para\u00edso nos acoger\u00e1 con su arena clara y sus aguas cristalinas. \u00bfA qui\u00e9n le apetece un ba\u00f1o?<\/p>\n<p>We will have time to walk and immerse ourselves in the Sea<\/p>\n<p>Caribbean.<\/p>\n<p>Continuaremos la ruta en buggy hacia los llamados Manantiales Ind\u00edgenas. All\u00ed descubriremos uno de los cenotes m\u00e1s id\u00edlicos de Punta Cana. Bajaremos de los veh\u00edculos y dispondremos de media hora para explorar esta piscina subterr\u00e1nea. \u00a1Vamos a nadar en sus aguas turquesas!<\/p>\n<p>Finalmente, dejaremos los buggies y le acompa\u00f1aremos de vuelta a su alojamiento para dar por concluida la excursi\u00f3n tras cuatro horas de experiencia.<\/p>","protected":false},"excerpt":{"rendered":"<div data-track=\"overview\" data-v-83a2b402=\"\">\n<section id=\"activity-overview\" class=\"activity-overview\" data-component=\"overview\" data-v-83a2b402=\"\" data-v-f3236c42=\"\">\n<p class=\"activity-overview__content\" data-test-id=\"activity-overview-content\" data-v-f3236c42=\"\">Buggy emotions: Live the extreme buggy experience, with your family and friends in Punta Cana, feel the adrenaline of a buggy through the Macao beach cave<\/p>\n<\/section>\n<\/div>\n<div data-track=\"key-details\" data-v-83a2b402=\"\"><\/div>","protected":false},"featured_media":16943,"template":"","meta":[],"product_cat":[100],"product_tag":[102,101],"class_list":{"0":"post-16941","1":"product","2":"type-product","3":"status-publish","4":"has-post-thumbnail","6":"product_cat-dominican-republic","7":"product_tag-excursion","8":"product_tag-tour","10":"first","11":"instock","12":"shipping-taxable","13":"product-type-external"},"_links":{"self":[{"href":"https:\/\/dominicanplace.com\/es\/wp-json\/wp\/v2\/product\/16941","targetHints":{"allow":["GET"]}}],"collection":[{"href":"https:\/\/dominicanplace.com\/es\/wp-json\/wp\/v2\/product"}],"about":[{"href":"https:\/\/dominicanplace.com\/es\/wp-json\/wp\/v2\/types\/product"}],"wp:featuredmedia":[{"embeddable":true,"href":"https:\/\/dominicanplace.com\/es\/wp-json\/wp\/v2\/media\/16943"}],"wp:attachment":[{"href":"https:\/\/dominicanplace.com\/es\/wp-json\/wp\/v2\/media?parent=16941"}],"wp:term":[{"taxonomy":"product_cat","embeddable":true,"href":"https:\/\/dominicanplace.com\/es\/wp-json\/wp\/v2\/product_cat?post=16941"},{"taxonomy":"product_tag","embeddable":true,"href":"https:\/\/dominicanplace.com\/es\/wp-json\/wp\/v2\/product_tag?post=16941"}],"curies":[{"name":"wp","href":"https:\/\/api.w.org\/{rel}","templated":true}]}}