{"id":16039,"date":"2024-09-21T02:17:13","date_gmt":"2024-09-21T02:17:13","guid":{"rendered":"https:\/\/dominicanplace.com\/?post_type=product&#038;p=16039"},"modified":"2024-09-21T02:17:34","modified_gmt":"2024-09-21T02:17:34","slug":"from-punta-cana-los-haitises-and-redonda-mountain-day-trip","status":"publish","type":"product","link":"https:\/\/dominicanplace.com\/es\/dominican-republic-tours\/desde-punta-cana-excursion-de-un-dia-a-los-haitises-y-la-montana-redonda\/","title":{"rendered":"Desde Punta Cana: Excursi\u00f3n de un d\u00eda a Los Haitises y la Monta\u00f1a Redonda"},"content":{"rendered":"<div class=\"toggle-content__content toggle-content__content--expanded toggle-content__content--packable\" data-v-59485d64=\"\">\n<div data-test-id=\"activity-full-description-text\" data-v-5835c99c=\"\">Viaje al remoto noreste de la Rep\u00fablica Dominicana, al Parque Nacional de Los Haitises y a Montana Redonda. Recorra Ca\u00f1o Hondo, San Lorenzo y Cayo de los P\u00e1jaros y contemple el oc\u00e9ano Atl\u00e1ntico desde la cima de la monta\u00f1a. Disfrute de traslados de ida y vuelta al hotel y almuerzo para que pueda relajarse entre aventura y aventura.Comience la excursi\u00f3n en barco por Ca\u00f1o Hondo, un arroyo que atraviesa el mayor manglar del Caribe. Explore los islotes y manglares de la bah\u00eda de San Lorenzo y observe aves en vuelo rasante en el Cayo de los P\u00e1jaros, entre la Boca del Infierno y El Naranjo Arriba. Det\u00e9ngase en numerosos mogotes y atolones repartidos por la costa que rodea el parque, e identifique decenas de aves aut\u00f3ctonas por el camino.Conozca los \u00e1rboles cupey y las aves que pueblan sus ramas horizontales, as\u00ed como los banianos silvestres y los almendros tropicales. Observe crust\u00e1ceos, peces y aves aut\u00f3ctonos que se alimentan de las impecables aguas del r\u00edo y de la exuberante vegetaci\u00f3n.Contin\u00fae por terreno m\u00e1s rocoso, donde visitar\u00e1 dos cavernas decoradas con petroglifos y tallas en las paredes: las huellas dejadas por los ta\u00ednos que vivieron all\u00ed hace mucho tiempo. Est\u00e9 atento a los murci\u00e9lagos y otras aves nocturnas que viven en estas cuevas. Descanse para almorzar en el Hotel Para\u00edso Ca\u00f1o Hondo, un hotel ecol\u00f3gico situado al pie de la monta\u00f1a. Disfrute de un ba\u00f1o en las piscinas del hotel que se riegan con agua cristalina de un r\u00edo que nace en el coraz\u00f3n del parque.Por \u00faltimo, tome el autob\u00fas a Monta\u00f1a Redonda y cambie a un cami\u00f3n safari para llegar a la cima. Encuentre las mejores vistas en una ubicaci\u00f3n especial entre la Laguna Lim\u00f3n y la Laguna Redonda y contemple hasta la Bah\u00eda de Saman\u00e1, la Cordillera Oriental y el Oc\u00e9ano Atl\u00e1ntico.<\/div>\n<\/div>\n<div class=\"toggle-content__label-placeholder\" data-v-59485d64=\"\"><\/div>","protected":false},"excerpt":{"rendered":"<div data-track=\"overview\" data-v-83a2b402=\"\">\n<section id=\"activity-overview\" class=\"activity-overview\" data-component=\"overview\" data-v-83a2b402=\"\" data-v-f3236c42=\"\">\n<p class=\"activity-overview__content\" data-test-id=\"activity-overview-content\" data-v-f3236c42=\"\">Emb\u00e1rquese en una aventura ecol\u00f3gica en la Rep\u00fablica Dominicana por la llanura costera de Los Haitises. Visita Montana Redonda y Paraiso Cano Hondo para disfrutar de una visita guiada con vistas impresionantes.<\/p>\n<\/section>\n<\/div>\n<div data-track=\"key-details\" data-v-83a2b402=\"\"><\/div>","protected":false},"featured_media":16040,"template":"","meta":[],"product_cat":[100],"product_tag":[102,101],"class_list":{"0":"post-16039","1":"product","2":"type-product","3":"status-publish","4":"has-post-thumbnail","6":"product_cat-dominican-republic","7":"product_tag-excursion","8":"product_tag-tour","10":"first","11":"instock","12":"shipping-taxable","13":"product-type-external"},"_links":{"self":[{"href":"https:\/\/dominicanplace.com\/es\/wp-json\/wp\/v2\/product\/16039","targetHints":{"allow":["GET"]}}],"collection":[{"href":"https:\/\/dominicanplace.com\/es\/wp-json\/wp\/v2\/product"}],"about":[{"href":"https:\/\/dominicanplace.com\/es\/wp-json\/wp\/v2\/types\/product"}],"wp:featuredmedia":[{"embeddable":true,"href":"https:\/\/dominicanplace.com\/es\/wp-json\/wp\/v2\/media\/16040"}],"wp:attachment":[{"href":"https:\/\/dominicanplace.com\/es\/wp-json\/wp\/v2\/media?parent=16039"}],"wp:term":[{"taxonomy":"product_cat","embeddable":true,"href":"https:\/\/dominicanplace.com\/es\/wp-json\/wp\/v2\/product_cat?post=16039"},{"taxonomy":"product_tag","embeddable":true,"href":"https:\/\/dominicanplace.com\/es\/wp-json\/wp\/v2\/product_tag?post=16039"}],"curies":[{"name":"wp","href":"https:\/\/api.w.org\/{rel}","templated":true}]}}