{"id":15730,"date":"2024-09-20T19:40:14","date_gmt":"2024-09-20T19:40:14","guid":{"rendered":"https:\/\/dominicanplace.com\/?post_type=product&#038;p=15730"},"modified":"2024-09-20T19:40:29","modified_gmt":"2024-09-20T19:40:29","slug":"cano-hondo-natural-pools-los-haitises-boat-tour","status":"publish","type":"product","link":"https:\/\/dominicanplace.com\/es\/dominican-republic-tours\/cano-hondo-natural-pools-los-haitises-boat-tour\/","title":{"rendered":"Cano Hondo Natural Pools &#038; Los Haitises boat tour"},"content":{"rendered":"<p>Visiting Los Haitises National park in small groups to enjoy the essential natural pools in this national park.<\/p>\n<p>lunch will be cook from locals&#8217; cuisine and boat trip to the caves will be unique.<\/p>\n<p>A great natural and cultural mosaic!<\/p>\n<p>El Parque Nacional de Los Haitises (cuyo nombre significa \"tierra alta\" o \"monta\u00f1a\" en la lengua de los antiguos ta\u00ednos) es uno de los paisajes naturales protegidos m\u00e1s importantes de la Rep\u00fablica Dominicana. Abarca una superficie de unos 1.600 km2, que forma parte de un vasto sistema k\u00e1rstico creado hace 50 millones de a\u00f1os, y comprende un rico mosaico de ecosistemas marinos y terrestres: estuarios, ensenadas, bah\u00edas, cayos y mogotes -las curiosas formaciones rocosas en forma de cono que caracterizan el paisaje de la zona-, as\u00ed como dolinas, manglares, etc. Es decir, un inmenso parque repleto de atractivos naturales donde vivir aventuras \u00fanicas.<\/p>\n<div class=\"toggle-content__content toggle-content__content--expanded toggle-content__content--packable\" data-v-59485d64=\"\">\n<div data-test-id=\"activity-full-description-text\" data-v-5835c99c=\"\">After Visiting Los Haitises we focus in a Local lunch with free time for Natural Pools in the Hotels Cano hondo.<\/div>\n<\/div>\n<div class=\"toggle-content__label-placeholder\" data-v-59485d64=\"\"><\/div>","protected":false},"excerpt":{"rendered":"<div data-track=\"overview\" data-v-83a2b402=\"\">\n<section id=\"activity-overview\" class=\"activity-overview\" data-component=\"overview\" data-v-83a2b402=\"\" data-v-f3236c42=\"\">\n<p class=\"activity-overview__content\" data-test-id=\"activity-overview-content\" data-v-f3236c42=\"\">Explore Los Haitises national park with a boat trip to the caves going around magnific mangroves vegetation and Rocky Island! Experience the Caves from Taino&#8217;s and Enjoy Natural pools in Cano Hondo<\/p>\n<\/section>\n<\/div>\n<div data-track=\"key-details\" data-v-83a2b402=\"\"><\/div>","protected":false},"featured_media":15737,"template":"","meta":[],"product_cat":[100],"product_tag":[102,101],"class_list":{"0":"post-15730","1":"product","2":"type-product","3":"status-publish","4":"has-post-thumbnail","6":"product_cat-dominican-republic","7":"product_tag-excursion","8":"product_tag-tour","10":"first","11":"instock","12":"shipping-taxable","13":"product-type-external"},"_links":{"self":[{"href":"https:\/\/dominicanplace.com\/es\/wp-json\/wp\/v2\/product\/15730","targetHints":{"allow":["GET"]}}],"collection":[{"href":"https:\/\/dominicanplace.com\/es\/wp-json\/wp\/v2\/product"}],"about":[{"href":"https:\/\/dominicanplace.com\/es\/wp-json\/wp\/v2\/types\/product"}],"wp:featuredmedia":[{"embeddable":true,"href":"https:\/\/dominicanplace.com\/es\/wp-json\/wp\/v2\/media\/15737"}],"wp:attachment":[{"href":"https:\/\/dominicanplace.com\/es\/wp-json\/wp\/v2\/media?parent=15730"}],"wp:term":[{"taxonomy":"product_cat","embeddable":true,"href":"https:\/\/dominicanplace.com\/es\/wp-json\/wp\/v2\/product_cat?post=15730"},{"taxonomy":"product_tag","embeddable":true,"href":"https:\/\/dominicanplace.com\/es\/wp-json\/wp\/v2\/product_tag?post=15730"}],"curies":[{"name":"wp","href":"https:\/\/api.w.org\/{rel}","templated":true}]}}