{"id":15382,"date":"2024-09-20T11:02:38","date_gmt":"2024-09-20T11:02:38","guid":{"rendered":"https:\/\/dominicanplace.com\/?post_type=product&#038;p=15382"},"modified":"2024-09-20T11:03:52","modified_gmt":"2024-09-20T11:03:52","slug":"los-haitises-sunrise-or-sunset-wildlife-focus","status":"publish","type":"product","link":"https:\/\/dominicanplace.com\/es\/dominican-republic-tours\/los-haitises-sunrise-or-sunset-wildlife-focus\/","title":{"rendered":"Los Haitises: Enfoque de la fauna al amanecer o al atardecer"},"content":{"rendered":"<p>Este viaje est\u00e1 enfocado a los amantes de la Naturaleza. La hora del amanecer o atardecer es el momento original para ver la vida silvestre real en el parque nacional los haitises. Visitaremos la naturaleza de los manglares y la bah\u00eda de San Lorenzo.<\/p>\n<p>Kayak Manglares en el Parque Nacional Los Haitises con un gu\u00eda local 3 Horas. El mejor momento cuando no hay visitantes en el Parque Nacional Los Haitises se establece en este viaje. Visitando Manglares en el Rio Ca\u00f1o Hondo mas una vista de la Bahia de San Lorenzo en el Parque Nacional Los Haitises, Sabana de la Mar zona de Ca\u00f1o Hondo.<\/p>\n<p>Ven con Booking Adventures y empieza a comprobar algunos manglares llenos de aves, ondulantes colinas de exuberante vegetaci\u00f3n y cuevas del Parque Nacional Los Haitises. Hacer una excursi\u00f3n en Kayaks desde el r\u00edo Ca\u00f1o Hondo, Sabana de la Mar. Atraviese los manglares y desembarque en la abierta bah\u00eda de San Lorenzo, desde donde podr\u00e1 fotografiar el escarpado paisaje forestal. Mire al agua para avistar manat\u00edes, crust\u00e1ceos y delfines.<\/p>","protected":false},"excerpt":{"rendered":"<div data-track=\"overview\" data-v-83a2b402=\"\">\n<section id=\"activity-overview\" class=\"activity-overview\" data-component=\"overview\" data-v-83a2b402=\"\" data-v-f3236c42=\"\">\n<p class=\"activity-overview__content\" data-test-id=\"activity-overview-content\" data-v-f3236c42=\"\">Disfrute del Parque Nacional de Los Haitises cuando no haya turistas. Explora la naturaleza y sorpr\u00e9ndete con la vida salvaje.<\/p>\n<\/section>\n<\/div>\n<div data-track=\"key-details\" data-v-83a2b402=\"\"><\/div>","protected":false},"featured_media":15385,"template":"","meta":[],"product_cat":[100],"product_tag":[102,101],"class_list":{"0":"post-15382","1":"product","2":"type-product","3":"status-publish","4":"has-post-thumbnail","6":"product_cat-dominican-republic","7":"product_tag-excursion","8":"product_tag-tour","10":"first","11":"instock","12":"shipping-taxable","13":"product-type-external"},"_links":{"self":[{"href":"https:\/\/dominicanplace.com\/es\/wp-json\/wp\/v2\/product\/15382","targetHints":{"allow":["GET"]}}],"collection":[{"href":"https:\/\/dominicanplace.com\/es\/wp-json\/wp\/v2\/product"}],"about":[{"href":"https:\/\/dominicanplace.com\/es\/wp-json\/wp\/v2\/types\/product"}],"wp:featuredmedia":[{"embeddable":true,"href":"https:\/\/dominicanplace.com\/es\/wp-json\/wp\/v2\/media\/15385"}],"wp:attachment":[{"href":"https:\/\/dominicanplace.com\/es\/wp-json\/wp\/v2\/media?parent=15382"}],"wp:term":[{"taxonomy":"product_cat","embeddable":true,"href":"https:\/\/dominicanplace.com\/es\/wp-json\/wp\/v2\/product_cat?post=15382"},{"taxonomy":"product_tag","embeddable":true,"href":"https:\/\/dominicanplace.com\/es\/wp-json\/wp\/v2\/product_tag?post=15382"}],"curies":[{"name":"wp","href":"https:\/\/api.w.org\/{rel}","templated":true}]}}