{"id":14962,"date":"2024-09-19T13:27:15","date_gmt":"2024-09-19T13:27:15","guid":{"rendered":"https:\/\/dominicanplace.com\/?post_type=product&#038;p=14962"},"modified":"2024-09-19T13:28:01","modified_gmt":"2024-09-19T13:28:01","slug":"las-terrenas-private-coffee-trail-atv-tour-in-samana","status":"publish","type":"product","link":"https:\/\/dominicanplace.com\/es\/dominican-republic-tours\/las-terrenas-tour-privado-en-atv-por-el-sendero-del-cafe-en-samana\/","title":{"rendered":"Las Terrenas: Tour Privado en ATV por el Sendero del Caf\u00e9 en Saman\u00e1"},"content":{"rendered":"<p>The tour will take you through country roads boarded by cacao and coffee fields, spectacular views over the Samana bay, and local farms. We\u2019ll stop at a classic mountain farm, sharing some time with a family of farmers. You\u2019ll be able to see some of the products they produce and visit their farm, learning about organic farming and plants.<\/p>\n<p>You\u2019ll witness the difference between Las Terrenas, a busy beach destination, and the countryside, with its clean air and slow-paced way of life.<\/p>\n<p>If you want, the farmers will show you how coffee or cacao is made, from the tree to your table. You can then sip on a cup of coffee or hot cocoa.<\/p>\n<p>Don\u2019t worry, if you don\u2019t speak Spanish, our local tour guide will translate everything for you.<\/p>\n<p>Next stop is a small beach on the Samana Bay where you can take a dip and cool off for a while. On the way, we\u2019ll pass through many fields, farms, and viewpoints.<\/p>\n<div class=\"toggle-content__content toggle-content__content--expanded toggle-content__content--packable\" data-v-59485d64=\"\">\n<div data-test-id=\"activity-full-description-text\" data-v-5835c99c=\"\">Most of the trip is on dirt roads, it\u2019s a lot of fun driving the ATV there, up and down, through bumps and holes. If you are not 100% comfortable driving an ATV or if speed is not your thing, don\u2019t worry, you can either drive slow (more time to enjoy the view!) or you can ride with someone, most ATV can sit two people. Driving an ATV is pretty straightforward and even if it\u2019s your first time you should get the hang of it pretty quickly.<\/div>\n<\/div>\n<div class=\"toggle-content__label-placeholder\" data-v-59485d64=\"\"><\/div>","protected":false},"excerpt":{"rendered":"<div data-track=\"overview\" data-v-83a2b402=\"\">\n<section id=\"activity-overview\" class=\"activity-overview\" data-component=\"overview\" data-v-83a2b402=\"\" data-v-f3236c42=\"\">\n<p class=\"activity-overview__content\" data-test-id=\"activity-overview-content\" data-v-f3236c42=\"\">Conozca la cultura dominicana y la influencia del caf\u00e9 en una excursi\u00f3n privada en quad desde Las Terrenas. Sigue a tu gu\u00eda por caminos rurales, a trav\u00e9s de campos de cacao y caf\u00e9, y ad\u00e9ntrate en una finca de monta\u00f1a.<\/p>\n<\/section>\n<\/div>\n<div data-track=\"key-details\" data-v-83a2b402=\"\"><\/div>","protected":false},"featured_media":14963,"template":"","meta":[],"product_cat":[100],"product_tag":[102,101],"class_list":{"0":"post-14962","1":"product","2":"type-product","3":"status-publish","4":"has-post-thumbnail","6":"product_cat-dominican-republic","7":"product_tag-excursion","8":"product_tag-tour","10":"first","11":"instock","12":"shipping-taxable","13":"product-type-external"},"_links":{"self":[{"href":"https:\/\/dominicanplace.com\/es\/wp-json\/wp\/v2\/product\/14962","targetHints":{"allow":["GET"]}}],"collection":[{"href":"https:\/\/dominicanplace.com\/es\/wp-json\/wp\/v2\/product"}],"about":[{"href":"https:\/\/dominicanplace.com\/es\/wp-json\/wp\/v2\/types\/product"}],"wp:featuredmedia":[{"embeddable":true,"href":"https:\/\/dominicanplace.com\/es\/wp-json\/wp\/v2\/media\/14963"}],"wp:attachment":[{"href":"https:\/\/dominicanplace.com\/es\/wp-json\/wp\/v2\/media?parent=14962"}],"wp:term":[{"taxonomy":"product_cat","embeddable":true,"href":"https:\/\/dominicanplace.com\/es\/wp-json\/wp\/v2\/product_cat?post=14962"},{"taxonomy":"product_tag","embeddable":true,"href":"https:\/\/dominicanplace.com\/es\/wp-json\/wp\/v2\/product_tag?post=14962"}],"curies":[{"name":"wp","href":"https:\/\/api.w.org\/{rel}","templated":true}]}}