{"id":10682,"date":"2020-09-10T15:48:17","date_gmt":"2020-09-10T15:48:17","guid":{"rendered":"https:\/\/dominicanplace.com\/?post_type=product&#038;p=10682"},"modified":"2024-10-01T20:26:40","modified_gmt":"2024-10-01T20:26:40","slug":"punta-cana-half-day-atv-or-buggy-and-horseback-riding","status":"publish","type":"product","link":"https:\/\/dominicanplace.com\/es\/dominican-republic-tours\/punta-cana-medio-dia-en-atv-o-buggy-y-a-caballo\/","title":{"rendered":"Punta Cana: Medio d\u00eda en quad o buggy y a caballo"},"content":{"rendered":"<p><strong>Punta Cana: Medio d\u00eda en quad o buggy y a caballo<\/strong><\/p>\n<p>Atv Buggies han sido dise\u00f1ados para que la gente se sienta como en casa, como quien visita la granja de sus abuelos. Una c\u00e1lida bienvenida con granjeros dominicanos, gente alegre siempre con una sonrisa, donde conocer la vida del campo.<\/p>\n<p>Le recogemos de su hotel o lugar seleccionado a nuestro rancho donde se reunir\u00e1 con nuestro super base de partida y operaci\u00f3n. Nos tomaremos 15 minutos para que se cambie de ropa y una breve charla sobre la seguridad y la excursi\u00f3n.<\/p>\n<p>Emb\u00e1rquese en una emocionante aventura llena de adrenalina mientras recorremos el campo y sus majestuosas monta\u00f1as a bordo de nuestros Cowboy Buggies. hacia nuestra primera playa en Macao.<\/p>\n<p>Refrescante parada en la playa de Macao, una oportunidad perfecta para darse un chapuz\u00f3n, pasear relajadamente y mucho m\u00e1s. Hazte fotos y podr\u00e1s comprar desde comida t\u00edpica hasta agua de coco.<\/p>\n<p>Nuestra segunda parada nos lleva a una encantadora casa t\u00edpica, donde podr\u00e1 deleitar sus sentidos con degustaciones de caf\u00e9, chocolate, vainilla y puros artesanales.<\/p>\n<p>La emoci\u00f3n contin\u00faa con una tercera parada en un cautivador cenote de aguas azules cristalinas, que ofrece una experiencia de ba\u00f1o revitalizante.<\/p>\n<p>Por \u00faltimo, concluimos nuestra escapada en el rancho, donde le espera el transporte para llevarle sano y salvo de vuelta a su hotel.<\/p>\n<div id=\"gtx-trans\" style=\"position: absolute; left: 297px; top: 0px;\">\n<div class=\"gtx-trans-icon\"><\/div>\n<\/div>","protected":false},"excerpt":{"rendered":"<div data-track=\"overview\" data-v-83a2b402=\"\">\n<section id=\"activity-overview\" class=\"activity-overview\" data-component=\"overview\" data-v-83a2b402=\"\" data-v-f3236c42=\"\">\n<p class=\"activity-overview__content\" data-test-id=\"activity-overview-content\" data-v-f3236c42=\"\">Playa Macao, Buggies, un cenote azul, chocolate, caf\u00e9, puros y paseos a caballo, todo en un lugar \u00fanico, cuidando cada detalle, lo convierten en una experiencia especial<\/p>\n<\/section>\n<\/div>\n<div data-track=\"key-details\" data-v-83a2b402=\"\"><\/div>","protected":false},"featured_media":10683,"template":"","meta":[],"product_cat":[100],"product_tag":[102,101],"class_list":{"0":"post-10682","1":"product","2":"type-product","3":"status-publish","4":"has-post-thumbnail","6":"product_cat-dominican-republic","7":"product_tag-excursion","8":"product_tag-tour","10":"first","11":"instock","12":"sale","13":"shipping-taxable","14":"product-type-external"},"_links":{"self":[{"href":"https:\/\/dominicanplace.com\/es\/wp-json\/wp\/v2\/product\/10682","targetHints":{"allow":["GET"]}}],"collection":[{"href":"https:\/\/dominicanplace.com\/es\/wp-json\/wp\/v2\/product"}],"about":[{"href":"https:\/\/dominicanplace.com\/es\/wp-json\/wp\/v2\/types\/product"}],"wp:featuredmedia":[{"embeddable":true,"href":"https:\/\/dominicanplace.com\/es\/wp-json\/wp\/v2\/media\/10683"}],"wp:attachment":[{"href":"https:\/\/dominicanplace.com\/es\/wp-json\/wp\/v2\/media?parent=10682"}],"wp:term":[{"taxonomy":"product_cat","embeddable":true,"href":"https:\/\/dominicanplace.com\/es\/wp-json\/wp\/v2\/product_cat?post=10682"},{"taxonomy":"product_tag","embeddable":true,"href":"https:\/\/dominicanplace.com\/es\/wp-json\/wp\/v2\/product_tag?post=10682"}],"curies":[{"name":"wp","href":"https:\/\/api.w.org\/{rel}","templated":true}]}}