{"id":18968,"date":"2024-09-26T11:53:35","date_gmt":"2024-09-26T11:53:35","guid":{"rendered":"https:\/\/dominicanplace.com\/?post_type=product&#038;p=18968"},"modified":"2024-12-28T09:27:38","modified_gmt":"2024-12-28T09:27:38","slug":"samana-whale-watching-and-cayo-levantado-full-day-tour-3","status":"publish","type":"product","link":"https:\/\/dominicanplace.com\/de\/dominican-republic-tours\/samana-walbeobachtung-und-cayo-levantado-ganztagestour-3\/","title":{"rendered":"Samana: Walbeobachtung und Cayo Levantado Ganztagestour"},"content":{"rendered":"<p>Ride by Boat to explore the Bay of Samana, which harbors thousands of humpback whales during their winter mating season. Next, enjoy the picturesque views of Cayo Levantado, also known as Bacardi Island. Swim in the serene waters and sunbathe on the white-sand beaches before heading back.<\/p>\n<p>Wir verlassen Samana in Richtung der Bucht von Samana und halten Ausschau nach den majest\u00e4tischen Buckelwalen auf dem H\u00f6hepunkt der Paarungszeit. Genie\u00dfen Sie das Leben auf dem Wasser und lassen Sie sich mit Snacks und Getr\u00e4nken an Bord verw\u00f6hnen. Machen Sie Fotos von diesen gro\u00dfen Tieren und erfahren Sie Wissenswertes von Ihrem Reiseleiter.<\/p>\n<p>Anschlie\u00dfend segeln Sie zur Insel Bacardi oder Cayo Levantado. Bewundern Sie das t\u00fcrkisfarbene Wasser und den wei\u00dfen Sand, der die Insel umgibt. Entspannen Sie sich an den warmen Str\u00e4nden und baden Sie in der Sonne. Nutzen Sie die Gelegenheit, in die ruhigen Gew\u00e4sser einzutauchen und den Rest des Tages zu genie\u00dfen, bevor Sie zum Hafen zur\u00fcckkehren.<\/p>","protected":false},"excerpt":{"rendered":"<div data-track=\"overview\" data-v-83a2b402=\"\">\n<section id=\"activity-overview\" class=\"activity-overview\" data-component=\"overview\" data-v-83a2b402=\"\" data-v-f3236c42=\"\">\n<p class=\"activity-overview__content\" data-test-id=\"activity-overview-content\" data-v-f3236c42=\"\">Genie\u00dfen Sie das unvergessliche Erlebnis der Walbeobachtung und genie\u00dfen Sie die paradiesische Insel Cayo Levantado. Nehmen Sie sich einen ganzen Tag Zeit, um die Insel Bacardi mit ihrem t\u00fcrkisfarbenen Wasser und den wei\u00dfen Sandstr\u00e4nden zu erkunden.<\/p>\n<\/section>\n<\/div>\n<div data-track=\"key-details\" data-v-83a2b402=\"\"><\/div>","protected":false},"featured_media":18969,"template":"","meta":[],"product_cat":[100],"product_tag":[102,101],"class_list":{"0":"post-18968","1":"product","2":"type-product","3":"status-publish","4":"has-post-thumbnail","6":"product_cat-dominican-republic","7":"product_tag-excursion","8":"product_tag-tour","10":"first","11":"instock","12":"shipping-taxable","13":"product-type-external"},"_links":{"self":[{"href":"https:\/\/dominicanplace.com\/de\/wp-json\/wp\/v2\/product\/18968","targetHints":{"allow":["GET"]}}],"collection":[{"href":"https:\/\/dominicanplace.com\/de\/wp-json\/wp\/v2\/product"}],"about":[{"href":"https:\/\/dominicanplace.com\/de\/wp-json\/wp\/v2\/types\/product"}],"wp:featuredmedia":[{"embeddable":true,"href":"https:\/\/dominicanplace.com\/de\/wp-json\/wp\/v2\/media\/18969"}],"wp:attachment":[{"href":"https:\/\/dominicanplace.com\/de\/wp-json\/wp\/v2\/media?parent=18968"}],"wp:term":[{"taxonomy":"product_cat","embeddable":true,"href":"https:\/\/dominicanplace.com\/de\/wp-json\/wp\/v2\/product_cat?post=18968"},{"taxonomy":"product_tag","embeddable":true,"href":"https:\/\/dominicanplace.com\/de\/wp-json\/wp\/v2\/product_tag?post=18968"}],"curies":[{"name":"wp","href":"https:\/\/api.w.org\/{rel}","templated":true}]}}