{"id":18477,"date":"2024-09-25T17:50:48","date_gmt":"2024-09-25T17:50:48","guid":{"rendered":"https:\/\/dominicanplace.com\/?post_type=product&#038;p=18477"},"modified":"2024-09-29T14:50:45","modified_gmt":"2024-09-29T14:50:45","slug":"dune-buggy-punta-cana-beach-macao-with-cenote","status":"publish","type":"product","link":"https:\/\/dominicanplace.com\/de\/dominican-republic-tours\/dunenbuggy-punta-cana-strand-macao-mit-cenote-2\/","title":{"rendered":"D\u00fcnenbuggy Punta Cana Strand Macao mit Cenote"},"content":{"rendered":"<p>Erleben Sie das ultimative Abenteuer mit unserem Buggy-Ausflug bei Macao Offroad Experience. Tauchen Sie mit fachkundigen F\u00fchrern in die Landschaften von Punta Cana ein, erkunden Sie die unber\u00fchrten Str\u00e4nde von Macao Beach und tauchen Sie in die Cenote \"Cueva Ta\u00edna\". Auf der Ranch k\u00f6nnen Sie sich f\u00fcr die Reise r\u00fcsten und ein typisches Haus f\u00fcr eine Kaffeeverkostung besuchen. Begeben Sie sich auf einen aufregenden Ritt durch Schlammpisten und tauchen Sie in die dominikanische Kultur ein. Genie\u00dfen Sie den Hin- und R\u00fccktransport, ein erfrischendes Bad in einer Cenote und eine fachkundige F\u00fchrung. Die Tour findet t\u00e4glich in drei Schichten statt. Bereiten Sie sich auf Komfort vor und bringen Sie Geld f\u00fcr Eink\u00e4ufe mit. Beachten Sie das Alter und die Abholdaten, damit die Reise reibungslos verl\u00e4uft.<\/p>","protected":false},"excerpt":{"rendered":"<div data-track=\"overview\" data-v-83a2b402=\"\">\n<section id=\"activity-overview\" class=\"activity-overview\" data-component=\"overview\" data-v-83a2b402=\"\" data-v-f3236c42=\"\">\n<p class=\"activity-overview__content\" data-test-id=\"activity-overview-content\" data-v-f3236c42=\"\">Entdecken Sie mit unserem Buggy malerische Landschaften und Kultur. Erleben Sie aufregende Schlammpfade. Besuchen Sie ein typisches Haus, eine Ta\u00edno-Cenote und den Strand von Macao.<\/p>\n<\/section>\n<\/div>\n<div data-track=\"key-details\" data-v-83a2b402=\"\"><\/div>","protected":false},"featured_media":18478,"template":"","meta":[],"product_cat":[100],"product_tag":[102,101],"class_list":{"0":"post-18477","1":"product","2":"type-product","3":"status-publish","4":"has-post-thumbnail","6":"product_cat-dominican-republic","7":"product_tag-excursion","8":"product_tag-tour","10":"first","11":"instock","12":"sale","13":"shipping-taxable","14":"product-type-external"},"_links":{"self":[{"href":"https:\/\/dominicanplace.com\/de\/wp-json\/wp\/v2\/product\/18477","targetHints":{"allow":["GET"]}}],"collection":[{"href":"https:\/\/dominicanplace.com\/de\/wp-json\/wp\/v2\/product"}],"about":[{"href":"https:\/\/dominicanplace.com\/de\/wp-json\/wp\/v2\/types\/product"}],"wp:featuredmedia":[{"embeddable":true,"href":"https:\/\/dominicanplace.com\/de\/wp-json\/wp\/v2\/media\/18478"}],"wp:attachment":[{"href":"https:\/\/dominicanplace.com\/de\/wp-json\/wp\/v2\/media?parent=18477"}],"wp:term":[{"taxonomy":"product_cat","embeddable":true,"href":"https:\/\/dominicanplace.com\/de\/wp-json\/wp\/v2\/product_cat?post=18477"},{"taxonomy":"product_tag","embeddable":true,"href":"https:\/\/dominicanplace.com\/de\/wp-json\/wp\/v2\/product_tag?post=18477"}],"curies":[{"name":"wp","href":"https:\/\/api.w.org\/{rel}","templated":true}]}}