{"id":17374,"date":"2024-09-23T23:08:19","date_gmt":"2024-09-23T23:08:19","guid":{"rendered":"https:\/\/dominicanplace.com\/?post_type=product&#038;p=17374"},"modified":"2024-09-23T23:09:37","modified_gmt":"2024-09-23T23:09:37","slug":"full-day-safari-outdoor-adventure-in-punta-cana","status":"publish","type":"product","link":"https:\/\/dominicanplace.com\/de\/dominican-republic-tours\/ganztagige-safari-outdoor-abenteuer-in-punta-cana\/","title":{"rendered":"Ganzt\u00e4giges Safari-Outdoor-Abenteuer in Punta Cana"},"content":{"rendered":"<p>Wir holen Sie mit unserem Safari-Truck an Ihrem Hotel ab und beginnen eine wundersch\u00f6ne Tour durch unsere Felder.<\/p>\n<p>Wir besuchen ein wundersch\u00f6nes typisches Haus, wo man Ihnen die Herstellung von nat\u00fcrlichem Kaffee und Kakao beibringt.<\/p>\n<p>Sie werden einen sch\u00f6nen Besuch in einer unserer Schulen haben, wo Sie sehen k\u00f6nnen, wie unsere Kinder lernen.<\/p>\n<p>Wir besichtigen die ber\u00fchmte Kathedrale von Hig\u00fcey, \"Nuestra Se\u00f1ora de La Altagracia\".<\/p>\n<p>Wir machen einen wundersch\u00f6nen Ausritt, bei dem Sie den sch\u00f6nsten und farbenpr\u00e4chtigsten Dschungel betreten und eine gro\u00dfe Vielfalt an V\u00f6geln und landestypischen Pflanzen beobachten k\u00f6nnen.<\/p>\n<p>Wir werden ein k\u00f6stliches dominikanisches Mittagsbuffet genie\u00dfen, Getr\u00e4nke inklusive.<\/p>\n<p>Wir werden den unglaublichen Anamuya-Fluss und den wundersch\u00f6nen Strand von Macao besuchen, wo Sie einige Minuten Zeit haben werden, um den spektakul\u00e4ren Panoramablick zu genie\u00dfen.<\/p>\n<p>Was ist inbegriffen? Hin- und R\u00fcckfahrt Transport Essen Getr\u00e4nke (ohne Alkohol) Reiseleiter Was muss ich mitbringen? Bequeme Kleidung und Schuhe Insektenschutzmittel Sonnencreme Lotion Badeanzug Handtuch Sonnenbrille Hut oder Kappe Extra Bargeld (Fotos, pers\u00f6nliche Ausgaben) Kamera Bitte beachten Sie, dass diese Tour jeden Tag stattfindet, die ungef\u00e4hre Dauer betr\u00e4gt 9 Stunden<\/p>","protected":false},"excerpt":{"rendered":"<div data-track=\"overview\" data-v-83a2b402=\"\">\n<section id=\"activity-overview\" class=\"activity-overview\" data-component=\"overview\" data-v-83a2b402=\"\" data-v-f3236c42=\"\">\n<p class=\"activity-overview__content\" data-test-id=\"activity-overview-content\" data-v-f3236c42=\"\">Die Dominikanische Republik bietet mit ihrer wundersch\u00f6nen Natur und unglaublichen Tierwelt unglaubliche Orte f\u00fcr eine Safari. Unser Abenteuer beginnt in Punta Cana.<\/p>\n<\/section>\n<\/div>\n<div data-track=\"key-details\" data-v-83a2b402=\"\"><\/div>","protected":false},"featured_media":17375,"template":"","meta":[],"product_cat":[100],"product_tag":[102,101],"class_list":{"0":"post-17374","1":"product","2":"type-product","3":"status-publish","4":"has-post-thumbnail","6":"product_cat-dominican-republic","7":"product_tag-excursion","8":"product_tag-tour","10":"first","11":"instock","12":"sale","13":"shipping-taxable","14":"product-type-external"},"_links":{"self":[{"href":"https:\/\/dominicanplace.com\/de\/wp-json\/wp\/v2\/product\/17374","targetHints":{"allow":["GET"]}}],"collection":[{"href":"https:\/\/dominicanplace.com\/de\/wp-json\/wp\/v2\/product"}],"about":[{"href":"https:\/\/dominicanplace.com\/de\/wp-json\/wp\/v2\/types\/product"}],"wp:featuredmedia":[{"embeddable":true,"href":"https:\/\/dominicanplace.com\/de\/wp-json\/wp\/v2\/media\/17375"}],"wp:attachment":[{"href":"https:\/\/dominicanplace.com\/de\/wp-json\/wp\/v2\/media?parent=17374"}],"wp:term":[{"taxonomy":"product_cat","embeddable":true,"href":"https:\/\/dominicanplace.com\/de\/wp-json\/wp\/v2\/product_cat?post=17374"},{"taxonomy":"product_tag","embeddable":true,"href":"https:\/\/dominicanplace.com\/de\/wp-json\/wp\/v2\/product_tag?post=17374"}],"curies":[{"name":"wp","href":"https:\/\/api.w.org\/{rel}","templated":true}]}}