{"id":17107,"date":"2024-09-23T06:59:49","date_gmt":"2024-09-23T06:59:49","guid":{"rendered":"https:\/\/dominicanplace.com\/?post_type=product&#038;p=17107"},"modified":"2024-09-23T07:00:46","modified_gmt":"2024-09-23T07:00:46","slug":"private-party-boat-catamaran-excursion-drinks-and-barbecue","status":"publish","type":"product","link":"https:\/\/dominicanplace.com\/de\/dominican-republic-tours\/privater-katamaranausflug-mit-getranken-und-barbecue\/","title":{"rendered":"Private Partyboot-Katamaranfahrt + Getr\u00e4nke und Barbecue"},"content":{"rendered":"<p>Buchen Sie einen All-inclusive-Tag auf dem Wasser und segeln Sie an Bord des Katamarans \"Tip Tip\" von Sosua aus. Der Kapit\u00e4n navigiert Sie zu zwei verschiedenen Schnorchelpl\u00e4tzen, Schnorchelausr\u00fcstung wird gestellt. Trinken Sie unbegrenzt Getr\u00e4nke von der offenen Bar und genie\u00dfen Sie ein Barbecue an Bord. Bei diesem Halbtagesausflug ist sogar die Abholung vom Hotel und der R\u00fccktransport zum Hotel inbegriffen, so dass Sie sich um nichts k\u00fcmmern m\u00fcssen. Halbt\u00e4gige oder ganzt\u00e4gige Katamaran-Kreuzfahrt ab Sosua Beach, All-inclusive-Tour mit offener Bar und Schnorchelausr\u00fcstung Halten Sie an zwei Schnorchelspots und genie\u00dfen Sie die spielerische Atmosph\u00e4re auf dem Wasser Problemlose Abholung von Ihrem zentral gelegenen Hotel oder Kreuzfahrtschiff.<\/p>","protected":false},"excerpt":{"rendered":"<div data-track=\"overview\" data-v-83a2b402=\"\">\n<section id=\"activity-overview\" class=\"activity-overview\" data-component=\"overview\" data-v-83a2b402=\"\" data-v-f3236c42=\"\">\n<p class=\"activity-overview__content\" data-test-id=\"activity-overview-content\" data-v-f3236c42=\"\">Buchen Sie einen All-inclusive-Tag auf dem Wasser und segeln Sie an Bord des Katamarans \"Tip Tip\" von Sosua aus. Der Kapit\u00e4n steuert zwei verschiedene Schnorchelpl\u00e4tze an, Schnorchelausr\u00fcstung wird gestellt.<\/p>\n<\/section>\n<\/div>\n<div data-track=\"key-details\" data-v-83a2b402=\"\"><\/div>","protected":false},"featured_media":17108,"template":"","meta":[],"product_cat":[100],"product_tag":[102,101],"class_list":{"0":"post-17107","1":"product","2":"type-product","3":"status-publish","4":"has-post-thumbnail","6":"product_cat-dominican-republic","7":"product_tag-excursion","8":"product_tag-tour","10":"first","11":"instock","12":"sale","13":"shipping-taxable","14":"product-type-external"},"_links":{"self":[{"href":"https:\/\/dominicanplace.com\/de\/wp-json\/wp\/v2\/product\/17107","targetHints":{"allow":["GET"]}}],"collection":[{"href":"https:\/\/dominicanplace.com\/de\/wp-json\/wp\/v2\/product"}],"about":[{"href":"https:\/\/dominicanplace.com\/de\/wp-json\/wp\/v2\/types\/product"}],"wp:featuredmedia":[{"embeddable":true,"href":"https:\/\/dominicanplace.com\/de\/wp-json\/wp\/v2\/media\/17108"}],"wp:attachment":[{"href":"https:\/\/dominicanplace.com\/de\/wp-json\/wp\/v2\/media?parent=17107"}],"wp:term":[{"taxonomy":"product_cat","embeddable":true,"href":"https:\/\/dominicanplace.com\/de\/wp-json\/wp\/v2\/product_cat?post=17107"},{"taxonomy":"product_tag","embeddable":true,"href":"https:\/\/dominicanplace.com\/de\/wp-json\/wp\/v2\/product_tag?post=17107"}],"curies":[{"name":"wp","href":"https:\/\/api.w.org\/{rel}","templated":true}]}}