{"id":17100,"date":"2024-09-23T06:42:34","date_gmt":"2024-09-23T06:42:34","guid":{"rendered":"https:\/\/dominicanplace.com\/?post_type=product&#038;p=17100"},"modified":"2024-09-23T06:43:01","modified_gmt":"2024-09-23T06:43:01","slug":"monkeyland-experience-lunch-and-transportation","status":"publish","type":"product","link":"https:\/\/dominicanplace.com\/de\/dominican-republic-tours\/monkeyland-experience-mittagessen-und-transport\/","title":{"rendered":"Erlebnis Affenland + Mittagessen und Transport"},"content":{"rendered":"<p>Diese Monkeyland Puerto Plata Tour beginnt mit der Abholung von Ihrem Hotel in Puerto Plata, Sosua, Cabarete, Playa Dorada oder Imbert.<\/p>\n<p>Halten Sie unterwegs Ausschau nach wilden Tieren, wie z. B. Totenkopf\u00e4ffchen. Halten Sie dann an und stellen Sie unter Aufsicht des Personals einen Teller mit Obst hin, damit die Affen zu Ihnen kommen.<\/p>\n<p>Nach Ihrem Besuch im Mokeyland bringt Sie Ihr Reiseleiter zu einem Haus auf dem Land in Puerto Plata. Sehen Sie selbst, wie ein Einheimischer in einer Gegend ohne Strom und flie\u00dfendes Wasser lebt. Au\u00dferdem erfahren Sie etwas \u00fcber die Geschichte und die kulturellen Traditionen dieser Karibikinsel.<\/p>\n<p>Ihre kombinierte Gruppenreise endet mit dem R\u00fccktransport zu Ihrem Hotel.<\/p>","protected":false},"excerpt":{"rendered":"<div data-track=\"overview\" data-v-83a2b402=\"\">\n<section id=\"activity-overview\" class=\"activity-overview\" data-component=\"overview\" data-v-83a2b402=\"\" data-v-f3236c42=\"\">\n<p class=\"activity-overview__content\" data-test-id=\"activity-overview-content\" data-v-f3236c42=\"\">Erleben Sie ein einzigartiges Abenteuer in der Dominikanischen Republik mit einer gef\u00fchrten Tour durch das Affenland, bei der Sie Zeit haben, mit unseren sch\u00f6nen und verspielten Totenkopf\u00e4ffchen zu interagieren!<\/p>\n<\/section>\n<\/div>\n<div data-track=\"key-details\" data-v-83a2b402=\"\"><\/div>","protected":false},"featured_media":17101,"template":"","meta":[],"product_cat":[100],"product_tag":[102,101],"class_list":{"0":"post-17100","1":"product","2":"type-product","3":"status-publish","4":"has-post-thumbnail","6":"product_cat-dominican-republic","7":"product_tag-excursion","8":"product_tag-tour","10":"first","11":"instock","12":"sale","13":"shipping-taxable","14":"product-type-external"},"_links":{"self":[{"href":"https:\/\/dominicanplace.com\/de\/wp-json\/wp\/v2\/product\/17100","targetHints":{"allow":["GET"]}}],"collection":[{"href":"https:\/\/dominicanplace.com\/de\/wp-json\/wp\/v2\/product"}],"about":[{"href":"https:\/\/dominicanplace.com\/de\/wp-json\/wp\/v2\/types\/product"}],"wp:featuredmedia":[{"embeddable":true,"href":"https:\/\/dominicanplace.com\/de\/wp-json\/wp\/v2\/media\/17101"}],"wp:attachment":[{"href":"https:\/\/dominicanplace.com\/de\/wp-json\/wp\/v2\/media?parent=17100"}],"wp:term":[{"taxonomy":"product_cat","embeddable":true,"href":"https:\/\/dominicanplace.com\/de\/wp-json\/wp\/v2\/product_cat?post=17100"},{"taxonomy":"product_tag","embeddable":true,"href":"https:\/\/dominicanplace.com\/de\/wp-json\/wp\/v2\/product_tag?post=17100"}],"curies":[{"name":"wp","href":"https:\/\/api.w.org\/{rel}","templated":true}]}}