{"id":17074,"date":"2024-09-23T06:26:23","date_gmt":"2024-09-23T06:26:23","guid":{"rendered":"https:\/\/dominicanplace.com\/?post_type=product&#038;p=17074"},"modified":"2024-09-23T06:26:58","modified_gmt":"2024-09-23T06:26:58","slug":"catalina-island-scuba-diving-tour-from-punta-cana","status":"publish","type":"product","link":"https:\/\/dominicanplace.com\/de\/dominican-republic-tours\/tauchen-auf-der-insel-catalina-von-punta-cana-aus\/","title":{"rendered":"Catalina Insel Tauchen Tour von Punta Cana"},"content":{"rendered":"<p>Nehmen Sie an einer aufregenden Tauchtour teil und erleben Sie die wahre Sch\u00f6nheit des karibischen Meeres. Genie\u00dfen Sie den Transfer von Ihrem Hotel in Punta Cana und gehen Sie an Bord eines Katamarans, um in Richtung Catalina Island zu segeln. Nutzen Sie die Chance, an 2 ikonischen Orten zu tauchen und ein k\u00f6stliches BBQ-Mittagessen am Strand zu genie\u00dfen.<\/p>\n<p>Ihr Tag beginnt mit einer bequemen Abholung vom Hotel, gefolgt von einer herzlichen Begr\u00fc\u00dfung durch unser Padi-zertifiziertes Tauchteam am Yachthafen. Sie gehen mit Ihnen die Gesundheits- und Sicherheitsvorkehrungen und das Tauchbriefing durch, um sicherzustellen, dass Ihr Erlebnis nichts weniger als erstaunlich ist.<\/p>\n<p>Als N\u00e4chstes setzen wir die Segel in Richtung \"Catalina Island\" und erkunden zwei atemberaubende Tauchpl\u00e4tze: \"The Wall\" und \"The Aquarium\". Von Seef\u00e4chern bis hin zu s\u00fcdlichen Stachelrochen werden Sie ein unglaubliches Unterwasser-\u00d6kosystem entdecken, das Sie in Erstaunen versetzen wird.<\/p>\n<p>Aber das ist noch nicht alles! Nach dem Tauchen bringen wir Sie zu einem Privatstrand auf Catalina Island, wo Sie ein k\u00f6stliches dominikanisches Festmahl genie\u00dfen k\u00f6nnen, das von unserem K\u00fcchenchef zubereitet wird. Frischer Fisch (nur Vip-Paket), Schweinefleisch, H\u00fchnchen, Salate, Pasta und einheimische Fr\u00fcchte sind nur einige der k\u00f6stlichen Optionen, die zur Auswahl stehen.<\/p>\n<p>Nach dem Mittagessen k\u00f6nnen Sie das kristallklare t\u00fcrkisfarbene Wasser nutzen und mit unserer kostenlosen Ausr\u00fcstung am Strand schnorcheln. Oder lehnen Sie sich einfach zur\u00fcck und entspannen Sie sich im Sand mit einem erfrischenden Getr\u00e4nk in der Hand.<\/p>\n<p>Am Ende des Tages geht es zur\u00fcck zum Yachthafen, wo Sie auf der R\u00fcckfahrt leichte Erfrischungen und Musik genie\u00dfen k\u00f6nnen. Um 16 Uhr wartet unser Bus, um Sie zur\u00fcck zu Ihrem Hotel zu bringen.<\/p>\n<p>Kommen Sie mit uns zu einem unvergesslichen Tauchabenteuer in Punta Cana oder Bavaro!<\/p>","protected":false},"excerpt":{"rendered":"<div data-track=\"overview\" data-v-83a2b402=\"\">\n<section id=\"activity-overview\" class=\"activity-overview\" data-component=\"overview\" data-v-83a2b402=\"\" data-v-f3236c42=\"\">\n<p class=\"activity-overview__content\" data-test-id=\"activity-overview-content\" data-v-f3236c42=\"\">Erkunden Sie 2 der sch\u00f6nsten Tauchpl\u00e4tze der Dominikanischen Republik bei einem gef\u00fchrten Tauchausflug. Erleben Sie klares, t\u00fcrkisfarbenes Wasser und eine unglaubliche Unterwasserwelt und besuchen Sie anschlie\u00dfend einen Privatstrand f\u00fcr ein Grillfest und eine offene Bar.<\/p>\n<\/section>\n<\/div>\n<div data-track=\"key-details\" data-v-83a2b402=\"\"><\/div>","protected":false},"featured_media":17084,"template":"","meta":[],"product_cat":[100],"product_tag":[102,101],"class_list":{"0":"post-17074","1":"product","2":"type-product","3":"status-publish","4":"has-post-thumbnail","6":"product_cat-dominican-republic","7":"product_tag-excursion","8":"product_tag-tour","10":"first","11":"instock","12":"sale","13":"shipping-taxable","14":"product-type-external"},"_links":{"self":[{"href":"https:\/\/dominicanplace.com\/de\/wp-json\/wp\/v2\/product\/17074","targetHints":{"allow":["GET"]}}],"collection":[{"href":"https:\/\/dominicanplace.com\/de\/wp-json\/wp\/v2\/product"}],"about":[{"href":"https:\/\/dominicanplace.com\/de\/wp-json\/wp\/v2\/types\/product"}],"wp:featuredmedia":[{"embeddable":true,"href":"https:\/\/dominicanplace.com\/de\/wp-json\/wp\/v2\/media\/17084"}],"wp:attachment":[{"href":"https:\/\/dominicanplace.com\/de\/wp-json\/wp\/v2\/media?parent=17074"}],"wp:term":[{"taxonomy":"product_cat","embeddable":true,"href":"https:\/\/dominicanplace.com\/de\/wp-json\/wp\/v2\/product_cat?post=17074"},{"taxonomy":"product_tag","embeddable":true,"href":"https:\/\/dominicanplace.com\/de\/wp-json\/wp\/v2\/product_tag?post=17074"}],"curies":[{"name":"wp","href":"https:\/\/api.w.org\/{rel}","templated":true}]}}