{"id":16908,"date":"2024-09-22T23:23:05","date_gmt":"2024-09-22T23:23:05","guid":{"rendered":"https:\/\/dominicanplace.com\/?post_type=product&#038;p=16908"},"modified":"2024-09-22T23:24:29","modified_gmt":"2024-09-22T23:24:29","slug":"los-haitises-boat-excursion-and-walking-tour-with-lunch","status":"publish","type":"product","link":"https:\/\/dominicanplace.com\/de\/dominican-republic-tours\/bootsausflug-und-spaziergang-durch-los-haitises-mit-mittagessen\/","title":{"rendered":"Los Haitises: Bootsausflug und Rundgang mit Mittagessen"},"content":{"rendered":"<p>Take the time to see historic caves and spectacular scenery. Marvel at the caves, which have some of the highest numbers of indigenous petroglyphs and pictographs in the country.<\/p>\n<p>Slalom by the many islets that form this amazing National Park. See the park&#8217;s natural attractions, like the mangroves, and some of the park&#8217;s various bird species like pelicans, herons, and the Ridgway&#8217;s hawk.<\/p>\n<p>Travel to Cayo Levantado, also known as Bacardi Island, and enjoy the picturesque destination&#8217;s warm beaches, and a buffet lunch of typical Dominican food.<\/p>\n<p>Embark on a full-day trip from Saman\u00e1 to Los Haitises National park, and explore the park&#8217;s natural beauty. See the park&#8217;s beautiful scenery, and look for a variety of species while you explore. Enjoy a typical Dominican lunch buffet on Cayo Levantado.<\/p>","protected":false},"excerpt":{"rendered":"<div data-track=\"overview\" data-v-83a2b402=\"\">\n<section id=\"activity-overview\" class=\"activity-overview\" data-component=\"overview\" data-v-83a2b402=\"\" data-v-f3236c42=\"\">\n<p class=\"activity-overview__content\" data-test-id=\"activity-overview-content\" data-v-f3236c42=\"\">Erkunden Sie H\u00f6hlen zu Fu\u00df und genie\u00dfen Sie ein typisch dominikanisches Mittagsbuffet auf der malerischen Insel Cayo Levantado. Besuchen Sie den Nationalpark Los Haitises mit einem Bootsf\u00fchrer auf einem Ganztagesausflug von Saman\u00e1 aus.<\/p>\n<\/section>\n<\/div>\n<div data-track=\"key-details\" data-v-83a2b402=\"\"><\/div>","protected":false},"featured_media":16910,"template":"","meta":[],"product_cat":[100],"product_tag":[102,101],"class_list":{"0":"post-16908","1":"product","2":"type-product","3":"status-publish","4":"has-post-thumbnail","6":"product_cat-dominican-republic","7":"product_tag-excursion","8":"product_tag-tour","10":"first","11":"instock","12":"shipping-taxable","13":"product-type-external"},"_links":{"self":[{"href":"https:\/\/dominicanplace.com\/de\/wp-json\/wp\/v2\/product\/16908","targetHints":{"allow":["GET"]}}],"collection":[{"href":"https:\/\/dominicanplace.com\/de\/wp-json\/wp\/v2\/product"}],"about":[{"href":"https:\/\/dominicanplace.com\/de\/wp-json\/wp\/v2\/types\/product"}],"wp:featuredmedia":[{"embeddable":true,"href":"https:\/\/dominicanplace.com\/de\/wp-json\/wp\/v2\/media\/16910"}],"wp:attachment":[{"href":"https:\/\/dominicanplace.com\/de\/wp-json\/wp\/v2\/media?parent=16908"}],"wp:term":[{"taxonomy":"product_cat","embeddable":true,"href":"https:\/\/dominicanplace.com\/de\/wp-json\/wp\/v2\/product_cat?post=16908"},{"taxonomy":"product_tag","embeddable":true,"href":"https:\/\/dominicanplace.com\/de\/wp-json\/wp\/v2\/product_tag?post=16908"}],"curies":[{"name":"wp","href":"https:\/\/api.w.org\/{rel}","templated":true}]}}