{"id":15976,"date":"2024-09-21T01:16:22","date_gmt":"2024-09-21T01:16:22","guid":{"rendered":"https:\/\/dominicanplace.com\/?post_type=product&#038;p=15976"},"modified":"2024-09-21T01:17:02","modified_gmt":"2024-09-21T01:17:02","slug":"from-samana-los-haitises-boat-and-walking-tour-with-lunch","status":"publish","type":"product","link":"https:\/\/dominicanplace.com\/de\/dominican-republic-tours\/ab-samana-los-haitises-boots-und-wandertour-mit-mittagessen\/","title":{"rendered":"Von Samana aus: Los Haitises Boots- und Wandertour mit Mittagessen"},"content":{"rendered":"<p>Embark on a full-day trip from Saman\u00e1 to the Los Haitises National park. Take in the park&#8217;s natural beauty on a boat tour and look for a variety of colorful species while you explore. Enjoy a typical Dominican lunch buffet on the paradisical Cayo Levantado island.<\/p>\n<p>Hop aboard a comfortable boat at the Saman\u00e1 port and cruise to through the many islets that comprise the Los Haitises National Park. See the park&#8217;s natural attractions, like the mangroves, and some of the park&#8217;s bird species like pelicans, herons, and the Ridgway&#8217;s hawk.<\/p>\n<p>Take the time to walk through historic caves and spectacularly lush scenery. Marvel at the caves, which have some of the highest numbers of indigenous petroglyphs and pictographs in the country.<\/p>\n<div class=\"toggle-content__content toggle-content__content--expanded toggle-content__content--packable\" data-v-59485d64=\"\">\n<div data-test-id=\"activity-full-description-text\" data-v-5835c99c=\"\">Travel to Cayo Levantado, also known as Bacardi Island, and enjoy the picturesque destination&#8217;s warm beaches, and a buffet lunch full of mouthwatering flavors before returning to your meeting point.<\/div>\n<\/div>\n<div class=\"toggle-content__label-placeholder\" data-v-59485d64=\"\"><\/div>\n<div data-v-59485d64=\"\"><\/div>","protected":false},"excerpt":{"rendered":"<div data-track=\"overview\" data-v-83a2b402=\"\">\n<section id=\"activity-overview\" class=\"activity-overview\" data-component=\"overview\" data-v-83a2b402=\"\" data-v-f3236c42=\"\">\n<p class=\"activity-overview__content\" data-test-id=\"activity-overview-content\" data-v-f3236c42=\"\">Entdecken Sie den Nationalpark Los Haitises bei einer gef\u00fchrten Bootstour auf diesem Ganztagesausflug ab Saman\u00e1. Erkunden Sie H\u00f6hlen zu Fu\u00df und genie\u00dfen Sie ein dominikanisches Mittagsbuffet auf der malerischen Insel Cayo Levantado.<\/p>\n<\/section>\n<\/div>\n<div data-track=\"key-details\" data-v-83a2b402=\"\"><\/div>","protected":false},"featured_media":15977,"template":"","meta":[],"product_cat":[100],"product_tag":[102,101],"class_list":{"0":"post-15976","1":"product","2":"type-product","3":"status-publish","4":"has-post-thumbnail","6":"product_cat-dominican-republic","7":"product_tag-excursion","8":"product_tag-tour","10":"first","11":"instock","12":"shipping-taxable","13":"product-type-external"},"_links":{"self":[{"href":"https:\/\/dominicanplace.com\/de\/wp-json\/wp\/v2\/product\/15976","targetHints":{"allow":["GET"]}}],"collection":[{"href":"https:\/\/dominicanplace.com\/de\/wp-json\/wp\/v2\/product"}],"about":[{"href":"https:\/\/dominicanplace.com\/de\/wp-json\/wp\/v2\/types\/product"}],"wp:featuredmedia":[{"embeddable":true,"href":"https:\/\/dominicanplace.com\/de\/wp-json\/wp\/v2\/media\/15977"}],"wp:attachment":[{"href":"https:\/\/dominicanplace.com\/de\/wp-json\/wp\/v2\/media?parent=15976"}],"wp:term":[{"taxonomy":"product_cat","embeddable":true,"href":"https:\/\/dominicanplace.com\/de\/wp-json\/wp\/v2\/product_cat?post=15976"},{"taxonomy":"product_tag","embeddable":true,"href":"https:\/\/dominicanplace.com\/de\/wp-json\/wp\/v2\/product_tag?post=15976"}],"curies":[{"name":"wp","href":"https:\/\/api.w.org\/{rel}","templated":true}]}}