{"id":11134,"date":"2020-09-12T05:49:52","date_gmt":"2020-09-12T05:49:52","guid":{"rendered":"https:\/\/dominicanplace.com\/?post_type=product&#038;p=11134"},"modified":"2024-10-07T18:27:06","modified_gmt":"2024-10-07T18:27:06","slug":"cayo-arena-paradise-island-and-mangroves-tour","status":"publish","type":"product","link":"https:\/\/dominicanplace.com\/de\/dominican-republic-tours\/cayo-arena-paradiesische-insel-und-mangroven-tour-2\/","title":{"rendered":"Cayo Arena: Paradiesinsel und Mangroven Tour"},"content":{"rendered":"<div class=\"woocommerce-product-details__short-description\">\n<div data-track=\"overview\" data-v-83a2b402=\"\">\n<section id=\"activity-overview\" class=\"activity-overview\" data-component=\"overview\" data-v-83a2b402=\"\" data-v-f3236c42=\"\">\n<p data-test-id=\"activity-overview-content\" data-v-f3236c42=\"\"><strong>Cayo Arena: Paradiesinsel und Mangroven Tour<\/strong><\/p>\n<p class=\"activity-overview__content\" data-test-id=\"activity-overview-content\" data-v-f3236c42=\"\">Erkunden Sie die Nordk\u00fcste der Dominikanischen Republik und faulenzen Sie am wei\u00dfen Sandstrand von Cayo Arena. Schwimmen und schnorcheln Sie mit den bunten Meeresbewohnern in kristallklarem Wasser, machen Sie eine Schnellboottour zum Monte Cristi<\/p>\n<\/section>\n<\/div>\n<\/div>\n<p>Genie\u00dfen Sie die herrliche Aussicht auf die Landschaft, bevor Sie an Bord eines Schnellbootes nach Cayo Arena fahren.<\/p>\n<p>Lassen Sie sich vom t\u00fcrkisfarbenen Wasser und dem wei\u00dfen Sand der paradiesischen Insel begr\u00fc\u00dfen. Gehen Sie an Land, um Ihre Zehen in den Sand zu stecken und Ihre Br\u00e4une aufzufrischen. Bestaunen Sie die farbenfrohe Unterwasserwelt und die Koralleng\u00e4rten bei einer optionalen gef\u00fchrten Schnorcheltour und genie\u00dfen Sie eine Auswahl an frischen Fr\u00fcchten und Getr\u00e4nken.<\/p>\n<p>Fahren Sie mit dem Schnellboot durch den dichten Mangrovenwald des Monte-Cristi-Nationalparks und halten Sie Ausschau nach den zahlreichen Wildtieren in den Lagunen und Kan\u00e4len. Auf einem lokalen Markt erhalten Sie einen Eindruck vom Inselleben, bevor Sie mit dem Schnellboot zur\u00fcck zum Festland fahren.<\/p>\n<p class=\"p1\"><span class=\"s1\">Cayo Arena, auch bekannt als Cayo Paraiso, ist eine 25-min\u00fctige Bootsfahrt vom Ausgangspunkt in Punta Rucia, nordwestlich von Puerto Plata gelegen. <\/span><\/p>\n<p class=\"p1\"><span class=\"s1\">Diese Sandbank liegt inmitten des strahlend blauen Ozeans, mit feinem wei\u00dfen Sand und seichtem Wasser voller tropischer Fische, ideal f\u00fcr Schnorchler jeden Niveaus, oder Sie k\u00f6nnen auch tauchen gehen. Die meisten Reiseveranstalter bieten einen Hin- und R\u00fccktransport von Puerto Plata aus an, darunter auch Boote, die Sie mit Schnorchelausr\u00fcstung zur Bucht bringen.<\/span><\/p>","protected":false},"excerpt":{"rendered":"<div data-track=\"overview\" data-v-83a2b402=\"\">\n<section id=\"activity-overview\" class=\"activity-overview\" data-component=\"overview\" data-v-83a2b402=\"\" data-v-f3236c42=\"\">\n<p class=\"activity-overview__content\" data-test-id=\"activity-overview-content\" data-v-f3236c42=\"\">Erkunden Sie die Nordk\u00fcste der Dominikanischen Republik und faulenzen Sie am wei\u00dfen Sandstrand von Cayo Arena. Schwimmen und schnorcheln Sie mit den bunten Meeresbewohnern in kristallklarem Wasser, machen Sie eine Schnellboottour zum Monte Cristi<\/p>\n<\/section>\n<\/div>\n<div data-track=\"key-details\" data-v-83a2b402=\"\"><\/div>","protected":false},"featured_media":11135,"template":"","meta":[],"product_cat":[100],"product_tag":[102,101],"class_list":{"0":"post-11134","1":"product","2":"type-product","3":"status-publish","4":"has-post-thumbnail","6":"product_cat-dominican-republic","7":"product_tag-excursion","8":"product_tag-tour","10":"first","11":"instock","12":"sale","13":"shipping-taxable","14":"product-type-external"},"_links":{"self":[{"href":"https:\/\/dominicanplace.com\/de\/wp-json\/wp\/v2\/product\/11134","targetHints":{"allow":["GET"]}}],"collection":[{"href":"https:\/\/dominicanplace.com\/de\/wp-json\/wp\/v2\/product"}],"about":[{"href":"https:\/\/dominicanplace.com\/de\/wp-json\/wp\/v2\/types\/product"}],"wp:featuredmedia":[{"embeddable":true,"href":"https:\/\/dominicanplace.com\/de\/wp-json\/wp\/v2\/media\/11135"}],"wp:attachment":[{"href":"https:\/\/dominicanplace.com\/de\/wp-json\/wp\/v2\/media?parent=11134"}],"wp:term":[{"taxonomy":"product_cat","embeddable":true,"href":"https:\/\/dominicanplace.com\/de\/wp-json\/wp\/v2\/product_cat?post=11134"},{"taxonomy":"product_tag","embeddable":true,"href":"https:\/\/dominicanplace.com\/de\/wp-json\/wp\/v2\/product_tag?post=11134"}],"curies":[{"name":"wp","href":"https:\/\/api.w.org\/{rel}","templated":true}]}}