{"id":16337,"date":"2024-09-21T17:54:47","date_gmt":"2024-09-21T17:54:47","guid":{"rendered":"https:\/\/dominicanplace.com\/?post_type=product&#038;p=16337"},"modified":"2024-09-21T17:55:25","modified_gmt":"2024-09-21T17:55:25","slug":"from-punta-cana-samana-full-day-trip-by-bus-and-boat","status":"publish","type":"product","link":"https:\/\/dominicanplace.com\/da\/dominican-republic-tours\/fra-punta-cana-samana-heldagstur-med-bus-og-bad\/","title":{"rendered":"Fra Punta Cana: Samana heldagstur med bus og b\u00e5d"},"content":{"rendered":"<p>Benyt dig af hotelafhentning i omr\u00e5derne Punta Cana, Bavaro, Uvero Alto og Bayahibe, og oplev derefter det fantastiske landskab i Den Dominikanske Republik fra flere perspektiver. K\u00f8r ad landeveje og f\u00e5 uendelige fotomuligheder.<\/p>\n<p>Start med ca. en times k\u00f8rsel ad El Seybo Highway fra Bavaro til Miches. G\u00e5 til havnen for at g\u00e5 om bord p\u00e5 en speedb\u00e5d til Santa B\u00e1rbara de Saman\u00e1. Ved ankomsten stiger du om bord p\u00e5 en lastbil i safaristil og k\u00f8rer til El Lim\u00f3n. Bes\u00f8g et \u00f8-hus, og smag p\u00e5 indf\u00f8dte og \u00f8kologiske frugter fra plantagen.<\/p>\n<p>Forts\u00e6t til det majest\u00e6tiske El Lim\u00f3n-vandfald med en kort ridetur gennem den tropiske skov. F\u00e5 en unik udsigt over det krystalklare vand fra bjerget, f\u00f8r du siger farvel til hestene og vandrer langs floden for at tage en forfriskende dukkert i vandfaldet.<\/p>\n<p>Spis dig m\u00e6t i et typisk buffetm\u00e5ltid p\u00e5 Rancho Tipico, og nyd et kort hvil, f\u00f8r du sejler tilbage til kajen i Saman\u00e1.<\/p>\n<div class=\"toggle-content__content toggle-content__content--expanded toggle-content__content--packable\" data-v-59485d64=\"\">\n<div data-test-id=\"activity-full-description-text\" data-v-5835c99c=\"\">Rejs til Bacardi Island eller Cayo Levantado med speedb\u00e5d, og bad i det turkise vand ved ankomsten. G\u00e5 derefter om bord p\u00e5 din speedb\u00e5d for en sidste tur til Miches, hvor en bus venter p\u00e5 at k\u00f8re dig tilbage til dit hotel.<\/div>\n<\/div>\n<div class=\"toggle-content__label-placeholder\" data-v-59485d64=\"\"><\/div>","protected":false},"excerpt":{"rendered":"<div data-track=\"overview\" data-v-83a2b402=\"\">\n<section id=\"activity-overview\" class=\"activity-overview\" data-component=\"overview\" data-v-83a2b402=\"\" data-v-f3236c42=\"\">\n<p class=\"activity-overview__content\" data-test-id=\"activity-overview-content\" data-v-f3236c42=\"\">Oplev Den Dominikanske Republik p\u00e5 en tur fra Punta Cana til Samana. Rid p\u00e5 heste til vandfaldet el Limon, bes\u00f8g Cayo Levantado, Bacardi-\u00f8en, et typisk hjem og nyd et m\u00e5ltid i buffet-stil.<\/p>\n<\/section>\n<\/div>\n<div data-track=\"key-details\" data-v-83a2b402=\"\"><\/div>","protected":false},"featured_media":16347,"template":"","meta":[],"product_cat":[77],"product_tag":[102,101],"class_list":{"0":"post-16337","1":"product","2":"type-product","3":"status-publish","4":"has-post-thumbnail","6":"product_cat-uncategorized","7":"product_tag-excursion","8":"product_tag-tour","10":"first","11":"instock","12":"shipping-taxable","13":"product-type-external"},"_links":{"self":[{"href":"https:\/\/dominicanplace.com\/da\/wp-json\/wp\/v2\/product\/16337","targetHints":{"allow":["GET"]}}],"collection":[{"href":"https:\/\/dominicanplace.com\/da\/wp-json\/wp\/v2\/product"}],"about":[{"href":"https:\/\/dominicanplace.com\/da\/wp-json\/wp\/v2\/types\/product"}],"wp:featuredmedia":[{"embeddable":true,"href":"https:\/\/dominicanplace.com\/da\/wp-json\/wp\/v2\/media\/16347"}],"wp:attachment":[{"href":"https:\/\/dominicanplace.com\/da\/wp-json\/wp\/v2\/media?parent=16337"}],"wp:term":[{"taxonomy":"product_cat","embeddable":true,"href":"https:\/\/dominicanplace.com\/da\/wp-json\/wp\/v2\/product_cat?post=16337"},{"taxonomy":"product_tag","embeddable":true,"href":"https:\/\/dominicanplace.com\/da\/wp-json\/wp\/v2\/product_tag?post=16337"}],"curies":[{"name":"wp","href":"https:\/\/api.w.org\/{rel}","templated":true}]}}