{"id":17357,"date":"2024-09-23T22:41:05","date_gmt":"2024-09-23T22:41:05","guid":{"rendered":"https:\/\/dominicanplace.com\/?post_type=product&#038;p=17357"},"modified":"2024-09-23T22:42:25","modified_gmt":"2024-09-23T22:42:25","slug":"santo-domingo-los-haitises-cayo-levantado-island","status":"publish","type":"product","link":"https:\/\/dominicanplace.com\/cs\/dominican-republic-tours\/santo-domingo-los-haitises-cayo-levantado-island\/","title":{"rendered":"Santo Domingo: Los Haitises &#038; Cayo Levantado Island"},"content":{"rendered":"<p>From Santo Domingo to Samana and after Travel across stunning tropical waters and enjoy delicious Dominican delicacies on this beautiful tour. Contemplate the historic artworks of the Indigenous Ta\u00edno people found in caves located in the beautiful Los Haitises National Park.<\/p>\n<p>Za\u010dn\u011bte v p\u0159\u00edstavu Samana, odkud se katamar\u00e1nem nebo lod\u00ed vyd\u00e1te na cestu kolem z\u00e1toky Samana. P\u0159ijedete do n\u00e1rodn\u00edho parku Los Haitises a nav\u0161t\u00edv\u00edte n\u00e1dhern\u00e9 skaln\u00ed ostrovy a sezn\u00e1m\u00edte se s interpretac\u00ed domorod\u00fdch maleb Ta\u00edno v jeskyni Linea.<\/p>\n<p>Po opu\u0161t\u011bn\u00ed starobyl\u00e9 jeskyn\u011b se vydejte lod\u00ed p\u0159es kr\u00e1sn\u00e9 vody na p\u016fvabnou pl\u00e1\u017e a do jeskyn\u011b Cueva de la Larena. Prohl\u00eddku jeskyn\u011b zakon\u010dete p\u0159\u00edpitkem a vra\u0165te se lod\u00ed na Cayo Levantado.<\/p>\n<div class=\"toggle-content__content toggle-content__content--expanded toggle-content__content--packable\" data-v-59485d64=\"\">\n<div data-test-id=\"activity-full-description-text\" data-v-5835c99c=\"\">\n<p>Po n\u00e1vratu si vychutnejte tradi\u010dn\u00ed dominik\u00e1nsk\u00fd bufet a odpo\u010di\u0148te si na pl\u00e1\u017ei Cayo Levantado.<\/p>\n<\/div>\n<\/div>\n<div class=\"toggle-content__label-placeholder\" data-v-59485d64=\"\"><\/div>","protected":false},"excerpt":{"rendered":"<div data-track=\"overview\" data-v-83a2b402=\"\">\n<section id=\"activity-overview\" class=\"activity-overview\" data-component=\"overview\" data-v-83a2b402=\"\" data-v-f3236c42=\"\">\n<p class=\"activity-overview__content\" data-test-id=\"activity-overview-content\" data-v-f3236c42=\"\">Visit the gorgeous rock islands and Indigenous cave paintings found in Los Haitises National Park. Enjoy an authentic Dominican feast as you take in the stunning waters, rocks, and flora of the area.<\/p>\n<\/section>\n<\/div>\n<div data-track=\"key-details\" data-v-83a2b402=\"\"><\/div>","protected":false},"featured_media":17358,"template":"","meta":[],"product_cat":[100],"product_tag":[102,101],"class_list":{"0":"post-17357","1":"product","2":"type-product","3":"status-publish","4":"has-post-thumbnail","6":"product_cat-dominican-republic","7":"product_tag-excursion","8":"product_tag-tour","10":"first","11":"instock","12":"shipping-taxable","13":"product-type-external"},"_links":{"self":[{"href":"https:\/\/dominicanplace.com\/cs\/wp-json\/wp\/v2\/product\/17357","targetHints":{"allow":["GET"]}}],"collection":[{"href":"https:\/\/dominicanplace.com\/cs\/wp-json\/wp\/v2\/product"}],"about":[{"href":"https:\/\/dominicanplace.com\/cs\/wp-json\/wp\/v2\/types\/product"}],"wp:featuredmedia":[{"embeddable":true,"href":"https:\/\/dominicanplace.com\/cs\/wp-json\/wp\/v2\/media\/17358"}],"wp:attachment":[{"href":"https:\/\/dominicanplace.com\/cs\/wp-json\/wp\/v2\/media?parent=17357"}],"wp:term":[{"taxonomy":"product_cat","embeddable":true,"href":"https:\/\/dominicanplace.com\/cs\/wp-json\/wp\/v2\/product_cat?post=17357"},{"taxonomy":"product_tag","embeddable":true,"href":"https:\/\/dominicanplace.com\/cs\/wp-json\/wp\/v2\/product_tag?post=17357"}],"curies":[{"name":"wp","href":"https:\/\/api.w.org\/{rel}","templated":true}]}}